{"id":71592,"date":"2025-02-19T10:24:09","date_gmt":"2025-02-19T14:24:09","guid":{"rendered":"https:\/\/web.molina.cl\/?page_id=71592"},"modified":"2026-03-18T11:50:41","modified_gmt":"2026-03-18T15:50:41","slug":"concursos-publicos","status":"publish","type":"page","link":"https:\/\/web.molina.cl\/?page_id=71592","title":{"rendered":"Concursos P\u00fablicos"},"content":{"rendered":"\n<p>Encuentra aqu\u00ed toda la informaci\u00f3n sobre los concursos p\u00fablicos de la Municipalidad de Molina.<\/p>\n\n\n\n<ul>\n<li><a href=\"https:\/\/web.molina.cl\/wp-content\/uploads\/2026\/03\/BASES-ENCARGADO-CCC.pdf\">(17\/03\/2026) Concurso publicos:<br>-Coordinador o Coordinadora del Centro Comunitario de Cuidados<br>-Gestor o Gestora social del Centro Comunitario de Cuidados<br>-Gestor o Gestora psicoemocional del Centro Comunitario de Cuidados<br>-Gestor o Gestora comunitaria del Centro Comunitario de Cuidados. <\/a><\/li>\n<\/ul>\n\n\n\n<p><\/p>\n\n\n\n<ul>\n<li>(10\/03\/2026) Concurso Postulacion Cargo PRODESAL. Ficha de postulacion <strong>AQUI<\/strong> &#8211; Concurso Cerrado<\/li>\n\n\n\n<li><a href=\"https:\/\/www.empleospublicos.cl\/pub\/convocatorias\/convpostularavisoTrabajo.aspx?i=137078&amp;c=0&amp;j=0&amp;tipo=convpostularavisoTrabajo\" data-type=\"link\" data-id=\"https:\/\/www.empleospublicos.cl\/pub\/convocatorias\/convpostularavisoTrabajo.aspx?i=137078&amp;c=0&amp;j=0&amp;tipo=convpostularavisoTrabajo\">(02\/02\/2026) Concurso Postulacion Tercer Terapeuta de Equipo de terapia multisit\u00e9mica de Molina <\/a><\/li>\n\n\n\n<li><strong><a href=\"https:\/\/web.molina.cl\/wp-content\/uploads\/2026\/01\/Concurso-ORIENTACIONES-PARA-PROCESOS-DE-SELECCION-DE-PROFESIONALES-PRLAC-2026.pdf\" data-type=\"attachment\" data-id=\"79011\">(23\/01\/2026) Concurso para proveer el cargo de Coordinador\/a de Red del Programa Red Local de Apoyos y Cuidados<\/a><\/strong><\/li>\n\n\n\n<li><a style=\"font-weight: bold;\" href=\"https:\/\/web.molina.cl\/wp-content\/uploads\/2026\/01\/Concurso-coordinadora-4-a-7.pdf\">(02\/01\/2026)Concurso p\u00fablico para el cargo Coordinadora o Coordinador Programa 4 a 7<\/a><\/li>\n\n\n\n<li><strong><a href=\"https:\/\/web.molina.cl\/wp-content\/uploads\/2025\/02\/Perfil-Cargo-de-Encargad-Territorial-del-Programa-de-Prevencion-en-Violencias-de-Genero-PPVG.pdf\" data-type=\"link\" data-id=\"https:\/\/web.molina.cl\/wp-content\/uploads\/2025\/02\/Perfil-Cargo-de-Encargad-Territorial-del-Programa-de-Prevencion-en-Violencias-de-Genero-PPVG.pdf\">(19\/02\/2025) Concurso P\u00fablico de Encargada Territorial del Programa de Prevenci\u00f3n de las Violencias de G\u00e9nero de la comuna de Molina<\/a><\/strong><\/li>\n\n\n\n<li><strong><a href=\"https:\/\/web.molina.cl\/wp-content\/uploads\/2025\/11\/BASES-PRLAC-ASISTENTES-DE-CUIDADO.pdf\">(27\/11\/2025) <strong>BASES PARA PROCESO DE SELECCI\u00d3N PARA ASISTENTE DE CUIDADO PROGRAMA RED LOCAL DE APOYOS Y CUIDADOS<\/strong><\/a><\/strong><\/li>\n\n\n\n<li><\/li>\n<\/ul>\n\n\n\n<p><\/p>\n","protected":false},"excerpt":{"rendered":"<p>Encuentra aqu\u00ed toda la informaci\u00f3n sobre los concursos p\u00fablicos de la Municipalidad de Molina.<\/p>\n","protected":false},"author":9,"featured_media":0,"parent":0,"menu_order":0,"comment_status":"closed","ping_status":"closed","template":"","meta":{"footnotes":""},"_links":{"self":[{"href":"https:\/\/web.molina.cl\/index.php?rest_route=\/wp\/v2\/pages\/71592"}],"collection":[{"href":"https:\/\/web.molina.cl\/index.php?rest_route=\/wp\/v2\/pages"}],"about":[{"href":"https:\/\/web.molina.cl\/index.php?rest_route=\/wp\/v2\/types\/page"}],"author":[{"embeddable":true,"href":"https:\/\/web.molina.cl\/index.php?rest_route=\/wp\/v2\/users\/9"}],"replies":[{"embeddable":true,"href":"https:\/\/web.molina.cl\/index.php?rest_route=%2Fwp%2Fv2%2Fcomments&post=71592"}],"version-history":[{"count":22,"href":"https:\/\/web.molina.cl\/index.php?rest_route=\/wp\/v2\/pages\/71592\/revisions"}],"predecessor-version":[{"id":80380,"href":"https:\/\/web.molina.cl\/index.php?rest_route=\/wp\/v2\/pages\/71592\/revisions\/80380"}],"wp:attachment":[{"href":"https:\/\/web.molina.cl\/index.php?rest_route=%2Fwp%2Fv2%2Fmedia&parent=71592"}],"curies":[{"name":"wp","href":"https:\/\/api.w.org\/{rel}","templated":true}]}}