{"id":70970,"date":"2025-01-24T09:29:27","date_gmt":"2025-01-24T13:29:27","guid":{"rendered":"https:\/\/web.molina.cl\/?page_id=70970"},"modified":"2026-01-07T12:29:41","modified_gmt":"2026-01-07T16:29:41","slug":"departamento-de-gestion-de-riesgo-de-desastres","status":"publish","type":"page","link":"https:\/\/web.molina.cl\/?page_id=70970","title":{"rendered":"Departamento de Gesti\u00f3n de Riesgo de Desastres"},"content":{"rendered":"\n<h5 class=\"wp-block-heading\"><strong>Misi\u00f3n:&nbsp;<\/strong><\/h5>\n\n\n\n<p>El departamento Gesti\u00f3n de Riesgo de Desastre tiene como misi\u00f3n liderar y coordinar los esfuerzos para reducir el riesgo de desastres en la comunidad, mediante la implementaci\u00f3n de estrategias y planes de gesti\u00f3n de riesgo, con el fin de proteger la vida, la propiedad y el medio ambiente<\/p>\n\n\n\n<p><strong>Visi\u00f3n:<\/strong><\/p>\n\n\n\n<p>Ser un departamento l\u00edder en la gesti\u00f3n de riesgo de desastre, reconocida por su capacidad para reducir el impacto de los desastres y mejorar la resiliencia de la comunidad.<\/p>\n\n\n\n<p><strong>Objetivos:<\/strong><\/p>\n\n\n\n<ol>\n<li>Identificar y evaluar los riesgos de desastre en la comunidad.<\/li>\n\n\n\n<li>Desarrollar y implementar planes y estrategias de gesti\u00f3n de riesgo.<\/li>\n\n\n\n<li>Coordinar con las autoridades locales, regionales y nacionales para garantizar una respuesta efectiva en caso de desastre.<\/li>\n\n\n\n<li>Capacitar y concienciar a la comunidad sobre la importancia de la gesti\u00f3n de riesgo de desastre.<\/li>\n\n\n\n<li>Monitorear y evaluar la efectividad de los planes y estrategias de gesti\u00f3n de riesgo.<\/li>\n<\/ol>\n\n\n\n<p><strong>Funciones:<\/strong><\/p>\n\n\n\n<ol>\n<li>Coordinar la elaboraci\u00f3n de planes de emergencia y contingencia.<\/li>\n\n\n\n<li>Realizar evaluaciones de riesgo y vulnerabilidad.<\/li>\n\n\n\n<li>Desarrollar y implementar programas de educaci\u00f3n y conciencia sobre la gesti\u00f3n de riesgo de desastre.<\/li>\n\n\n\n<li>Coordinar con las autoridades locales, regionales y nacionales para garantizar una respuesta efectiva en caso de desastre.<\/li>\n\n\n\n<li>Monitorear y evaluar la efectividad de los planes y estrategias de gesti\u00f3n de riesgo.<\/li>\n<\/ol>\n\n\n\n<p><strong>Estructura:<\/strong><\/p>\n\n\n\n<p>El departamento de Gesti\u00f3n de Riesgo de Desastre estar\u00e1 compuesta por:<\/p>\n\n\n\n<ol>\n<li>Director: Responsable de liderar y coordinar las actividades de la direcci\u00f3n.<\/li>\n\n\n\n<li>Equipo t\u00e9cnico: Compuesto por profesionales con experiencia en gesti\u00f3n de riesgo de desastre.<\/li>\n\n\n\n<li>Equipo de apoyo: compuesto por personal administrativo y de apoyo.<\/li>\n<\/ol>\n\n\n\n<div data-wp-interactive=\"core\/file\" class=\"wp-block-file\"><object data-wp-bind--hidden=\"!state.hasPdfPreview\"  class=\"wp-block-file__embed\" data=\"https:\/\/web.molina.cl\/wp-content\/uploads\/2025\/07\/Dec-Alc-3039-2024-plan-comunal-reduccion-riesgo-y-desastre-1.pdf\" type=\"application\/pdf\" style=\"width:100%;height:600px\" aria-label=\"Incrustado de Dec-Alc-3039-2024-plan-comunal-reduccion-riesgo-y-desastre-1.\"><\/object><a id=\"wp-block-file--media-509a0499-d19c-4b79-ba20-5a521cfc5b9f\" href=\"https:\/\/web.molina.cl\/wp-content\/uploads\/2025\/07\/Dec-Alc-3039-2024-plan-comunal-reduccion-riesgo-y-desastre-1.pdf\">Dec-Alc-3039-2024-plan-comunal-reduccion-riesgo-y-desastre-1<\/a><a href=\"https:\/\/web.molina.cl\/wp-content\/uploads\/2025\/07\/Dec-Alc-3039-2024-plan-comunal-reduccion-riesgo-y-desastre-1.pdf\" class=\"wp-block-file__button wp-element-button\" download aria-describedby=\"wp-block-file--media-509a0499-d19c-4b79-ba20-5a521cfc5b9f\">Descarga<\/a><\/div>\n\n\n\n<p><a href=\"https:\/\/web.molina.cl\/wp-content\/uploads\/2026\/01\/ANEXO-PLAN-DE-AMENAZA-INUNDACIONES-COMUNA-DE-MOLINA.pdf\"><img loading=\"lazy\" decoding=\"async\" width=\"38\" height=\"32\" class=\"alignnone size-full wp-image-1946\" src=\"  https:\/\/web.molina.cl\/wp-content\/uploads\/2015\/07\/pdf-icon-32x32.png\" alt=\"pdf-icon-32x32\"><\/a><a href=\"https:\/\/web.molina.cl\/wp-content\/uploads\/2026\/01\/ANEXO-PLAN-DE-AMENAZA-INUNDACIONES-COMUNA-DE-MOLINA.pdf\">ANEXO PLAN DE AMENAZA INUNDACIONES COMUNA DE MOLINA<\/a><\/p>\n\n\n\n<p><a href=\"https:\/\/web.molina.cl\/wp-content\/uploads\/2026\/01\/ANEXO-PLAN-DE-AMENAZA-VOLCANICA.-COMUNA-DE-MOLINA.pdf\"><img loading=\"lazy\" decoding=\"async\" class=\"alignnone size-full wp-image-1946\" src=\"  https:\/\/web.molina.cl\/wp-content\/uploads\/2015\/07\/pdf-icon-32x32.png\" alt=\"pdf-icon-32x32\" width=\"38\" height=\"32\"><\/a><a href=\"https:\/\/web.molina.cl\/wp-content\/uploads\/2026\/01\/ANEXO-PLAN-DE-AMENAZA-VOLCANICA.-COMUNA-DE-MOLINA.pdf\">ANEXO PLAN DE AMANEZA VOLCANICA<\/a><\/p>\n\n\n\n<p><a href=\"https:\/\/web.molina.cl\/wp-content\/uploads\/2026\/01\/PLAN-POR-AMENZA-INCENDIOS-FORESTALES-COMUNA-DE-MOLINA.pdf\"><img loading=\"lazy\" decoding=\"async\" class=\"alignnone size-full wp-image-1946\" src=\"  https:\/\/web.molina.cl\/wp-content\/uploads\/2015\/07\/pdf-icon-32x32.png\" alt=\"pdf-icon-32x32\" width=\"38\" height=\"32\"><\/a><a href=\"https:\/\/web.molina.cl\/wp-content\/uploads\/2026\/01\/PLAN-POR-AMENZA-INCENDIOS-FORESTALES-COMUNA-DE-MOLINA.pdf\">ANEXO PLAN POR AMENAZA INCENDIOS FORESTALES<\/a><\/p>\n\n\n\n<p><a href=\"https:\/\/web.molina.cl\/wp-content\/uploads\/2026\/01\/ANEXO-POR-AMENAZA-DE-RIESGO-SISMICO.pdf\"><img loading=\"lazy\" decoding=\"async\" width=\"38\" height=\"32\" class=\"alignnone size-full wp-image-1946\" src=\"  https:\/\/web.molina.cl\/wp-content\/uploads\/2015\/07\/pdf-icon-32x32.png\" alt=\"pdf-icon-32x32\"><\/a><a href=\"https:\/\/web.molina.cl\/wp-content\/uploads\/2026\/01\/ANEXO-POR-AMENAZA-DE-RIESGO-SISMICO.pdf\"> ANEXO PLAN POR AMENAZA DE RIESGO SISMICO<\/a><\/p>\n\n\n\n<p><a href=\"https:\/\/web.molina.cl\/wp-content\/uploads\/2026\/01\/Decreto-alcaldicio.pdf\"><img loading=\"lazy\" decoding=\"async\" class=\"alignnone size-full wp-image-1946\" src=\"  https:\/\/web.molina.cl\/wp-content\/uploads\/2015\/07\/pdf-icon-32x32.png\" alt=\"pdf-icon-32x32\" width=\"38\" height=\"32\"><\/a><a href=\"https:\/\/web.molina.cl\/wp-content\/uploads\/2026\/01\/Decreto-alcaldicio.pdf\"> DECRETO ALCALDICIO N\u00b0 00054\/2026<\/a><\/p>\n\n\n\n<p><a href=\"https:\/\/web.molina.cl\/wp-content\/uploads\/2026\/01\/Plan-Comunal-de-emergencia-Molina-2025-ok.pdf\"><img loading=\"lazy\" decoding=\"async\" class=\"alignnone size-full wp-image-1946\" src=\"  https:\/\/web.molina.cl\/wp-content\/uploads\/2015\/07\/pdf-icon-32x32.png\" alt=\"pdf-icon-32x32\" width=\"38\" height=\"32\"><\/a><a href=\"https:\/\/web.molina.cl\/wp-content\/uploads\/2026\/01\/Plan-Comunal-de-emergencia-Molina-2025-ok.pdf\">PLAN COMUNAL DE EMERGENCIA MOLINA<\/a><\/p>\n\n\n\n<p><strong>Jefe del Departamento:<\/strong><\/p>\n\n\n\n<figure class=\"wp-block-image size-full is-resized\"><img loading=\"lazy\" decoding=\"async\" width=\"1200\" height=\"1600\" src=\"https:\/\/web.molina.cl\/wp-content\/uploads\/2025\/08\/WhatsApp-Image-2025-08-19-at-10.28.58.jpeg\" alt=\"\" class=\"wp-image-75804\" style=\"aspect-ratio:2\/3;object-fit:contain;width:259px;height:auto\" srcset=\"https:\/\/web.molina.cl\/wp-content\/uploads\/2025\/08\/WhatsApp-Image-2025-08-19-at-10.28.58.jpeg 1200w, https:\/\/web.molina.cl\/wp-content\/uploads\/2025\/08\/WhatsApp-Image-2025-08-19-at-10.28.58-225x300.jpeg 225w, https:\/\/web.molina.cl\/wp-content\/uploads\/2025\/08\/WhatsApp-Image-2025-08-19-at-10.28.58-768x1024.jpeg 768w, https:\/\/web.molina.cl\/wp-content\/uploads\/2025\/08\/WhatsApp-Image-2025-08-19-at-10.28.58-1152x1536.jpeg 1152w, https:\/\/web.molina.cl\/wp-content\/uploads\/2025\/08\/WhatsApp-Image-2025-08-19-at-10.28.58-315x420.jpeg 315w, https:\/\/web.molina.cl\/wp-content\/uploads\/2025\/08\/WhatsApp-Image-2025-08-19-at-10.28.58-696x928.jpeg 696w, https:\/\/web.molina.cl\/wp-content\/uploads\/2025\/08\/WhatsApp-Image-2025-08-19-at-10.28.58-1068x1424.jpeg 1068w\" sizes=\"(max-width: 1200px) 100vw, 1200px\" \/><\/figure>\n\n\n\n<p>Sr. Juan Andr\u00e9s Pereira L\u00f3pez<\/p>\n\n\n\n<p>Ingeniero en Prevenci\u00f3n de Riesgos<br>Mag\u00edster en Gesti\u00f3n P\u00fablica Municipal y Desarrollo Local<br>Master en Gesti\u00f3n del Riesgo de Desastres<br>Diplomado en Gesti\u00f3n Municipal<br>Diplomado en Liderazgo<br>Diplomado en Desarrollo y Ordenamiento Territorial<br>Diplomado en Gesti\u00f3n del Riesgo de Desastres<br>Diplomado en Participaci\u00f3n Ciudadana y Gobernanza<\/p>\n\n\n\n<p>Correo electr\u00f3nico: jpereira@molina.cl<\/p>\n","protected":false},"excerpt":{"rendered":"<p>Misi\u00f3n:&nbsp; El departamento Gesti\u00f3n de Riesgo de Desastre tiene como misi\u00f3n liderar y coordinar los esfuerzos para reducir el riesgo de desastres en la comunidad, mediante la implementaci\u00f3n de estrategias y planes de gesti\u00f3n de riesgo, con el fin de proteger la vida, la propiedad y el medio ambiente Visi\u00f3n: Ser un departamento l\u00edder en [&hellip;]<\/p>\n","protected":false},"author":9,"featured_media":0,"parent":0,"menu_order":0,"comment_status":"closed","ping_status":"closed","template":"","meta":{"footnotes":""},"_links":{"self":[{"href":"https:\/\/web.molina.cl\/index.php?rest_route=\/wp\/v2\/pages\/70970"}],"collection":[{"href":"https:\/\/web.molina.cl\/index.php?rest_route=\/wp\/v2\/pages"}],"about":[{"href":"https:\/\/web.molina.cl\/index.php?rest_route=\/wp\/v2\/types\/page"}],"author":[{"embeddable":true,"href":"https:\/\/web.molina.cl\/index.php?rest_route=\/wp\/v2\/users\/9"}],"replies":[{"embeddable":true,"href":"https:\/\/web.molina.cl\/index.php?rest_route=%2Fwp%2Fv2%2Fcomments&post=70970"}],"version-history":[{"count":13,"href":"https:\/\/web.molina.cl\/index.php?rest_route=\/wp\/v2\/pages\/70970\/revisions"}],"predecessor-version":[{"id":78421,"href":"https:\/\/web.molina.cl\/index.php?rest_route=\/wp\/v2\/pages\/70970\/revisions\/78421"}],"wp:attachment":[{"href":"https:\/\/web.molina.cl\/index.php?rest_route=%2Fwp%2Fv2%2Fmedia&parent=70970"}],"curies":[{"name":"wp","href":"https:\/\/api.w.org\/{rel}","templated":true}]}}