{"id":52872,"date":"2022-08-26T16:47:55","date_gmt":"2022-08-26T20:47:55","guid":{"rendered":"https:\/\/web.molina.cl\/?page_id=52872"},"modified":"2026-01-19T11:59:56","modified_gmt":"2026-01-19T15:59:56","slug":"juzgado-de-policia-local-2","status":"publish","type":"page","link":"https:\/\/web.molina.cl\/?page_id=52872","title":{"rendered":"JUZGADO DE POLICIA LOCAL"},"content":{"rendered":"\n<p>Los Juzgados de Polic\u00eda Local son Tribunales especiales que administran justicia en conformidad a la competencia establecida en la Ley N\u00ba 15.231,y sus modificaciones, y en aquellas Leyes especiales, ordenanzas y Decretos en los t\u00e9rminos que faculte la Ley.<\/p>\n\n\n\n<p><strong>Juez Titular<\/strong>: Stella Maris Aguilera Jim\u00e9nez<\/p>\n\n\n\n<p><strong>Secretaria Titular<\/strong>: Patricia Alejandra Tellez Cruz<\/p>\n\n\n\n<hr class=\"wp-block-separator has-css-opacity\"\/>\n\n\n<style type=\"text\/css\"><\/style><section id='' \n                class='helpie-faq accordions faq-toggle groupSettings-3385__enabled' \n                data-collection='' \n                data-pagination='0' \n                data-search='0' \n                data-pagination-enabled='0'\n                role='region'\n                aria-label='FAQ Section'\n                aria-live='polite'><article class=\"accordion \"><div class='helpie-faq-row'><div class='helpie-faq-col helpie-faq-col-12' ><ul><li class=\"accordion__item \"><div class=\"accordion__header \" \r\n                id=\"accordion-header-post-54098\"\r\n                role=\"button\"\r\n                aria-expanded=\"false\"\r\n                aria-controls=\"accordion-content-post-54098\"\r\n                data-id=\"post-54098\" \r\n                data-item=\"hfaq-post-54098\" \r\n                style=\"background:transparent;\" \r\n                data-tags=\"\"\r\n                tabindex=\"0\"><div class=\"accordion__title\">Informacion General<\/div><\/div><div id=\"accordion-content-post-54098\" \r\n                class=\"accordion__body\" \r\n                role=\"region\"\r\n                aria-labelledby=\"accordion-header-post-54098\"\r\n                style=\"background:transparent;\"><h6><strong>DIRECCION:<\/strong><br \/>\nCALLE QUECHEREGUAS 1647 COMUNA DE MOLINA<br \/>\n<strong>TELEFONOS:<\/strong><br \/>\n<strong>RECEPCION:<\/strong>\u00a075-760756<br \/>\n<strong>SALA DE AUDIENCIA:<\/strong>\u00a0752760757- 75260710- 75260759<br \/>\n<strong>SECRETARIA:<\/strong>\u00a0752760758<br \/>\n<strong>HORARIOS:<\/strong><br \/>\n<strong>ATENCION PUBLICO:<\/strong>\u00a0LUNES A VIERNES DESDE LAS 09:00 HORAS HASTA LAS 13:00 HORAS.<br \/>\n<strong>DIAS DE AUDIENCIA DE LA JUEZ:<\/strong> MARTES, MIERCOLES Y VIERNES DESDE LAS 10:00 HORAS HASTA LAS 13:00 HORAS.<br \/>\n<strong>RETIRO DE LICENCIAS DE CONDUCIR CON SUSPENSION<\/strong>\u00a0DE 11:00 HORAS A 12:00 HORAS.<br \/>\n<strong>DIAS DE AUDIENCIA:<\/strong>\u00a0MARTES, MIERCOLES Y VIERNES : DE 10:00 HORAS A 13:00 HORAS.<br \/>\n<strong>OTORGAMIENTO DE PERMISOS PROVISORIOS, RENOVACION DE PERMISOS PROVISORIOS Y SOLICITUD DE EXHORTOS:<\/strong> DE 09:00 HORAS A 12:00 HORAS.<br \/>\n<strong>PAGOS DE<\/strong> <strong>MULTAS INFRACCION DE TRANSITO Y DEVOLUCIONES DE LICENCIAS DE CONDUCIR<\/strong>: 09:00 HORAS A 12:00 HORAS<\/h6>\n<h6><\/h6>\n<\/div><\/li><li class=\"accordion__item \"><div class=\"accordion__header \" \r\n                id=\"accordion-header-post-53385\"\r\n                role=\"button\"\r\n                aria-expanded=\"false\"\r\n                aria-controls=\"accordion-content-post-53385\"\r\n                data-id=\"post-53385\" \r\n                data-item=\"hfaq-post-53385\" \r\n                style=\"background:transparent;\" \r\n                data-tags=\"\"\r\n                tabindex=\"0\"><div class=\"accordion__title\">Para ver mas Informacion Click Aqui!<\/div><\/div><div id=\"accordion-content-post-53385\" \r\n                class=\"accordion__body\" \r\n                role=\"region\"\r\n                aria-labelledby=\"accordion-header-post-53385\"\r\n                style=\"background:transparent;\"><h6>Las principales Competencias de los Juzgados de Polic\u00eda Local son las siguientes:<\/h6>\n<ul>\n<li>\n<h6>Infracciones a la Ley del Tr\u00e1nsito Ley N\u00ba 18.290<\/h6>\n<\/li>\n<li>\n<h6>Infracciones a la Ley General de Urbanismo y Construcciones y su ordenanza (<a href=\"http:\/\/www.minvu.cl\/\">www.minvu.cl<\/a>)<\/h6>\n<\/li>\n<li>\n<h6>Infracciones a las Ordenanzas Municipales<\/h6>\n<\/li>\n<li>\n<h6>Infracciones a la Ley de Rentas Municipales Decreto N\u00ba 3.063<\/h6>\n<\/li>\n<li>\n<h6>Ley de Alcoholes N\u00ba 19.925, consumo alcohol en la v\u00eda p\u00fablica y manifiesto estado de ebriedad<\/h6>\n<\/li>\n<li>\n<h6>Infracciones a la Ley del Consumidor Ley N\u00ba 19.496<\/h6>\n<\/li>\n<li>\n<h6>Infracciones a la Ley de Votaciones y Escrutinios Ley N\u00ba 18.700 (<a href=\"http:\/\/www.servel.cl\/\">www.servel.cl<\/a>)<\/h6>\n<\/li>\n<li>\n<h6>Infracciones a la Ley de Vigilantes Privados Ley N\u00ba 3.607 Decreto Supremo 1773 y 93<\/h6>\n<\/li>\n<li>\n<h6>Infracciones a la Ley N\u00b021.020.-<\/h6>\n<\/li>\n<li>\n<h6>Juicios ejecutivos de cobro Indap.<\/h6>\n<\/li>\n<li>\n<h6>Denuncias por Infracci\u00f3n al Decreto Ley 701 sobre Fomento Forestal<\/h6>\n<\/li>\n<li>\n<h6 style=\"text-align: left\">Otras especiales<\/h6>\n<\/li>\n<\/ul>\n<\/div><\/li><li class=\"accordion__item \"><div class=\"accordion__header \" \r\n                id=\"accordion-header-post-54095\"\r\n                role=\"button\"\r\n                aria-expanded=\"false\"\r\n                aria-controls=\"accordion-content-post-54095\"\r\n                data-id=\"post-54095\" \r\n                data-item=\"hfaq-post-54095\" \r\n                style=\"background:transparent;\" \r\n                data-tags=\"\"\r\n                tabindex=\"0\"><div class=\"accordion__title\">Preguntas Frecuentes<\/div><\/div><div id=\"accordion-content-post-54095\" \r\n                class=\"accordion__body\" \r\n                role=\"region\"\r\n                aria-labelledby=\"accordion-header-post-54095\"\r\n                style=\"background:transparent;\"><p><strong>1.- REBAJA POR PAGO ANTICIPADO DE MULTAS. (25%)<\/strong><\/p>\n<p>Para Multas de Tr\u00e1nsito, de acuerdo al beneficio establecido en Art\u00edculo 22 de la Ley N\u00ba 18.287, seg\u00fan el tipo de la infracci\u00f3n (grave, menos grave y leve), el valor se reduce en un 25% del rango m\u00ednimo, si el infractor lo paga dentro de los cinco primeros d\u00edas, contados desde el d\u00eda siguiente h\u00e1bil de la fecha de la infracci\u00f3n incluido el d\u00eda s\u00e1bado.<\/p>\n<p><strong>Las infracciones grav\u00edsimas no est\u00e1n afectas a ning\u00fan descuento anticipado y sin perjuicio del pago de la multa se aplica una suspensi\u00f3n a la licencia de conducir hasta por 45 d\u00edas.<\/strong><\/p>\n<p><strong>\u00a0<\/strong><\/p>\n<p><strong>2.-VALORES DE MULTA POR INFRACCIONES DE TRANSITO:<\/strong><\/p>\n<table width=\"885\">\n<tbody>\n<tr>\n<td><strong>LEVES<\/strong><\/td>\n<td>0,2 a 0,5 U.T.M.<\/td>\n<\/tr>\n<tr>\n<td><strong>MENOS GRAVES<\/strong><\/td>\n<td>0,5 a 1,0 U.T.M.<\/td>\n<\/tr>\n<tr>\n<td><strong>GRAVE<\/strong><\/td>\n<td>1,0 a 1,5 U.T.M.<\/td>\n<\/tr>\n<tr>\n<td><strong>GRAV\u00cdSIMAS<\/strong><\/td>\n<td>1,5 a 3,0 U.T.M.<\/td>\n<\/tr>\n<\/tbody>\n<\/table>\n<p><strong>\u00a0<\/strong><\/p>\n<p><strong>\u00a0<\/strong><\/p>\n<p><strong>\u00a0<\/strong><\/p>\n<p><strong>3.- INFRACCIONES DE TRANSITO:<\/strong><\/p>\n<p><strong>ARTICULO 199 SON INFRACCIONES O CONTRAVENCION3ES GRAVISIMAS: (LINK) <\/strong><\/p>\n<p><strong>ARTICULO 200 SON INFRACCIONES O CONTRAVENCIONES GRAVES: (LINK)<\/strong><\/p>\n<p><strong>ARTICULO 201 SON INFRACCIONES O CONTRAVENCIONES\u00a0 MENOS GRAVES (link)<\/strong><\/p>\n<p><strong>Articulo 202 son infracciones o contravenciones leves (link)<\/strong><\/p>\n<p><strong>TRAMITACION DE EXHORTO:<\/strong><\/p>\n<p><strong>4.- \u00bfQue es un exhorto?<\/strong><\/p>\n<p>Es la tramitaci\u00f3n que se le da a las infracciones de tr\u00e1nsito cometidas por conductores de veh\u00edculos, en lugares o caminos fuera del radio urbano de residencia del infractor.<\/p>\n<p><strong>\u00bfANTE QUIEN SE SOLICITA EL EXHORTO?<\/strong><\/p>\n<p>Ante el Juzgado de Polic\u00eda Local de Molina, correspondiente al domicilio del infractor.<\/p>\n<p><strong>\u00bfCOMO SE TRAMITA EL EXHORTO?<\/strong><\/p>\n<p>Ante el Juzgado de Polic\u00eda Local de Molina. Deber\u00e1 acreditar domicilio en esta comuna ya sea con certificado de residencia o boletas de pago de consumo, y adjuntar boleta de citaci\u00f3n de carabineros original y c\u00e9dula de identidad. Una vez en el Tribunal se deber\u00e1 completar un formulario de solicitud. Cuando se trate de infracci\u00f3n de transito en los cuales se encuentre retenida la licencia de conducir en otro Tribunal, se le otorgar\u00e1 al solicitante un permiso provisorio por el plazo de 30 dias corridos, plazo dentro del cual deber\u00e1 recibirse la respuesta al exhorto solicitado.<\/p>\n<p><strong>\u00bfHASTA CUANDO SE PUEDE SOLICITAR LA TRAMITACION DEL EXHORTO?<\/strong><\/p>\n<p>Hasta tres d\u00edas anteriores a la fecha de citaci\u00f3n al Juzgado de la localidad. Plazo necesario para efectos de remitir los antecedentes al Tribunal exhortado y evitar la rebeld\u00eda.<\/p>\n<p><strong>5.- \u00bfQu\u00e9 ES UN PARTE EMPADRONADO?<\/strong><\/p>\n<p>Parte Empadronado, es aquella denuncia por infracci\u00f3n cursada a un veh\u00edculo en particular, que se encontrare ubicado en un espacio no permitido o cuyo conductor no identificado, en su conducci\u00f3n, infringiere las normas del tr\u00e1nsito podr\u00e1n ser cursadas por Inspectores Municipales y Carabineros de Chile.<br \/>\nEl responsable de la infracci\u00f3n ser\u00e1 en todo evento el propietario inscrito del referido veh\u00edculo, si no concurriere el conductor.<\/p>\n<p>PAGO DE EMPADRONADO EN CAJA MUNICIPAL<\/p>\n<p>PAGO EN CAJA TESORERIA MUNICIPAL UBICADA EN CALLE YERBAS BUENAS 1389, COMUNA D EMOLINA Y CALLE QUECHEREGUAS 1647, COMUNA DE MOLINA.<\/p>\n<\/div><\/li><li class=\"accordion__item \"><div class=\"accordion__header \" \r\n                id=\"accordion-header-post-54096\"\r\n                role=\"button\"\r\n                aria-expanded=\"false\"\r\n                aria-controls=\"accordion-content-post-54096\"\r\n                data-id=\"post-54096\" \r\n                data-item=\"hfaq-post-54096\" \r\n                style=\"background:transparent;\" \r\n                data-tags=\"\"\r\n                tabindex=\"0\"><div class=\"accordion__title\">Cumplimiento de medidas en el tribunal en estado de alerta sanitaria.<\/div><\/div><div id=\"accordion-content-post-54096\" \r\n                class=\"accordion__body\" \r\n                role=\"region\"\r\n                aria-labelledby=\"accordion-header-post-54096\"\r\n                style=\"background:transparent;\"><p><strong><u>1.- RESPECTO DE LA ATENCION DE PUBLICO Y FUNCIONAMIENTO DEL TRIBUNAL:<\/u><\/strong><\/p>\n<p>EL TRIBUNAL MANTIENE EL SISTEMA DE\u00a0<strong>ATENCION DE PUBLICO DIARIO<\/strong>\u00a0DE MANERA PRESENCIAL, \u00a0<strong>EN HORARIO DE LUNES A VIERNES DE 9:00 A 13:00 HORAS. LOS DIAS DE AUDIENCIA CON LA JUEZ SON MARTES, MIERCOLES Y VIERNES. DE 10:00 A 13:00 HORAS.<\/strong><\/p>\n<p><strong>LOS COMPARENDOS Y AUDIENCIAS DECRETADAS EN LOS PROCESOS,<\/strong>\u00a0SE LLEVAR\u00c1N A EFECTO DE MANERA PRESENCIAL EN LAS FECHAS PROGRAMADAS. LA PRUEBA TESTIMONIAL SE PODRA SUSPENDER CONFORME A LO ESTABLECIDO EN EL DECRETO ECONOMICO N\u00b059\u00a0 DE FECHA 16 DE NOVIEMBRE DE 2020.-<\/p>\n<p><strong>SE MANTIENE EL CORREO DE LA SECRETARIA TITULAR<\/strong>\u00a0DO\u00d1A\u00a0<strong>PATRICIA TELLEZ CRUZ<\/strong>, PARA LOS CASOS ESTABLECIDOS EN EL DECRETO ECONOMICO N\u00b072 DE FECHA 30 DE MARZO DEL A\u00d1O 2022, \u00a0EN CONCORDANCIA CON EL N\u00b013 Y 39 DEL A\u00d1O 2020.<\/p>\n<p><strong><u>2.- RESPECTO A LAS MEDIDAS SANITARIAS:<\/u><\/strong><\/p>\n<p>CON EL OBJETO DE ASEGURAR EL DEBIDO RESGUARDO\u00a0<strong><u>DE LA SALUD<\/u><\/strong>\u00a0DE LAS\u00a0<strong><u>FUNCIONARIAS<\/u><\/strong>\u00a0Y\u00a0<strong><u>LOS USUARIOS Y P\u00daBLICO<\/u><\/strong>\u00a0<strong><u>EN GENERAL<\/u><\/strong>, PARA EL INGRESO AL JUZGADO SE DEBER\u00c1 CUMPLIR CON LOS SIGUIENTES MEDIDAS:<\/p>\n<p><strong>SOLO PODR\u00c1 INGRESAR LA PERSONA CITADA O QUI\u00c9N REQUIERA LA ATENCI\u00d3N DE ALG\u00daN TR\u00c1MITE<\/strong>, SIN ACOMPA\u00d1ANTES, SALVO EL CASO CALIFICADO DE PERSONAS QUE TENGAN CAPACIDAD LIMITADA Y QUE NECESARIAMENTE DEBEN ASISTIR ACOMPA\u00d1ADAS;<\/p>\n<p>LA PERSONA AL INGRESO\u00a0<strong>DEBER\u00c1 HACER USO DE ALCOHOL GEL EN LAS MANOS, <\/strong><strong>EL QUE SE ENCUENTRA IMPLEMENTADO EN DISPENSADORES, <\/strong><strong>\u00a0CONTROL DE SU TEMPERATURA Y USO PBLIGATORIO DE MASCARILLA AL INTERIOR DE CADA SALA DE LAS DEPENDENCIAS DEL TRIBUNAL.<\/strong><\/p>\n<p><strong>EN TODO MOMENTO AL INTERIOR DE CADA SALA DEL TRIBUNAL SE DEBERA MANTENER LA DISTANCIA SOCIAL SUFICIENTE DE UN METRO Y MEDIO CONJUNTAMENTE CON LOS AFOROS PERMITIDOS.<\/strong><\/p>\n<p>SI ALGUN USUARIO NECESITA HACER ALG\u00daN\u00a0<strong>TR\u00c1MITE POR ESCRITO<\/strong>, COMO POR EJEMPLO DESCARGOS O ALGUNA DECLARACI\u00d3N, ESTA SE PODR\u00c1 EFECTUAR MEDIANTE\u00a0<strong>FORMULARIOS CREADOS PARA TALES EFECTOS<\/strong>, DISPUESTOS EN EL MESON DE ATENCION DE PUBLICO.<\/p>\n<p>EN EL EVENTO DE QUE LA PERSONA NECESITE O DEBA \u00a0NECESARIAMENTE DECLARAR ANTE UN ACTUARIO EN\u00a0<strong>FORMA PRESENCIAL<\/strong>, \u00c9STA DECLARACI\u00d3N SE HAR\u00c1 EN LOS HABIT\u00c1CULOS DEBIDAMENTE AISLADOS MEDIANTE SEPARADORES, Y EN LOS CUALES EL\u00a0<strong>ACTUARIO DEBER\u00c1 PERMANECER SIEMPRE HACIENDO USO DE MASCARILLA.<\/strong><\/p>\n<p>EL\u00a0<strong>MES\u00d3N DEL TRIBUNAL<\/strong>\u00a0<strong>DE ATENCION DE PUBLICO<\/strong>, SE ENCUENTRAN AISLADO MEDIANTE UN SEPARADOR QUE PERMITE MANTENER\u00a0 LA DEBIDA DISTANCIA ENTRE EL FUNCIONARIO QUE ATIENDE Y EL USUARIO.-<\/p>\n<p>EN EL EVENTO DE QUE\u00a0<strong>LA PERSONA NO PUEDA CONCURRIR AL TRIBUNAL POR ALG\u00daN IMPEDIMENTO<\/strong>, CALIFICADO POR LA JUEZ O SECRETARIA TITULAR, PODR\u00c1 EFECTUAR SUS DESCARGOS, SOLICITUDES, O EFECTUAR ALGUNA DECLARACI\u00d3N INDAGATORIA\u00a0\u00a0<strong>VIA CORREO ELECTR\u00d3NICO\u00a0 INSTITUCIONAL\u00a0<\/strong>AUTORIZADOS PARA ELLO, QUE SERA EL DE LA SECRETARIA ABOGADA DEL TRIBUNAL, DO\u00d1A\u00a0<strong>PATRICIA ALEJANDRA T\u00c9LLEZ\u00a0 CRUZ.<\/strong><\/p>\n<p><strong>\u00a0<\/strong><\/p>\n<p><strong>POR ORDEN DE LA JUEZA.-<\/strong><\/p>\n<\/div><\/li><\/ul><\/div><\/div><\/article><\/section>\n\n\n\n<hr class=\"wp-block-separator has-css-opacity\"\/>\n\n\n\n<div class=\"wp-block-file\"><a href=\"https:\/\/web.molina.cl\/wp-content\/uploads\/2025\/01\/DECRETO-ECONA_MICO-N-1.pdf\">DECRETO ECONOMICO 1 &#8211; 2025.<\/a><a href=\"https:\/\/web.molina.cl\/wp-content\/uploads\/2025\/01\/DECRETO-ECONA_MICO-N-1.pdf\" class=\"wp-block-file__button\">Descarga<\/a><\/div>\n\n\n\n<div class=\"wp-block-file\"><a href=\"https:\/\/web.molina.cl\/wp-content\/uploads\/2026\/01\/Decreto-numero-6.pdf\">DECRETO ECONOMICO 6 &#8211; 2026.<\/a><a href=\"https:\/\/web.molina.cl\/wp-content\/uploads\/2026\/01\/Decreto-numero-6.pdf\" class=\"wp-block-file__button\">Descarga<\/a><\/div>\n\n\n\n<div class=\"wp-block-file\"><a href=\"\/\/web.molina.cl\/wp-content\/uploads\/2023\/02\/DECRETO-ECONOMICO-13.pdf\">DECRETO ECONOMICO 13.<\/a><a href=\"https:\/\/web.molina.cl\/wp-content\/uploads\/2023\/02\/DECRETO-ECONOMICO-13.pdf\" class=\"wp-block-file__button\">Descarga<\/a><\/div>\n\n\n\n<div class=\"wp-block-file\"><a href=\"https:\/\/web.molina.cl\/wp-content\/uploads\/2023\/02\/DECRETO-ECONOMICO-39.pdf\">DECRETO ECONOMICO 39.<\/a><a href=\"https:\/\/web.molina.cl\/wp-content\/uploads\/2023\/02\/DECRETO-ECONOMICO-39.pdf\" class=\"wp-block-file__button\">Descarga<\/a><\/div>\n\n\n\n<div class=\"wp-block-file\"><a href=\"https:\/\/web.molina.cl\/wp-content\/uploads\/2023\/02\/DECRETO-ECONOMICO-59.pdf\">DECRETO ECONOMICO 59.<\/a><a href=\"https:\/\/web.molina.cl\/wp-content\/uploads\/2023\/02\/DECRETO-ECONOMICO-59.pdf\" class=\"wp-block-file__button\">Descarga<\/a><\/div>\n\n\n\n<div class=\"wp-block-file\"><a href=\"https:\/\/web.molina.cl\/wp-content\/uploads\/2023\/07\/DECRETO-ECONOMICO-N\u00b072.pdf\">DECRETO ECONOMICO 72.<\/a><a href=\"https:\/\/web.molina.cl\/wp-content\/uploads\/2023\/07\/DECRETO-ECONOMICO-N\u00b072.pdf\" class=\"wp-block-file__button\">Descarga<\/a><\/div>\n","protected":false},"excerpt":{"rendered":"<p>Los Juzgados de Polic\u00eda Local son Tribunales especiales que administran justicia en conformidad a la competencia establecida en la Ley N\u00ba 15.231,y sus modificaciones, y en aquellas Leyes especiales, ordenanzas y Decretos en los t\u00e9rminos que faculte la Ley. Juez Titular: Stella Maris Aguilera Jim\u00e9nez Secretaria Titular: Patricia Alejandra Tellez Cruz DECRETO ECONOMICO 1 &#8211; [&hellip;]<\/p>\n","protected":false},"author":7,"featured_media":0,"parent":0,"menu_order":0,"comment_status":"closed","ping_status":"closed","template":"","meta":{"footnotes":""},"_links":{"self":[{"href":"https:\/\/web.molina.cl\/index.php?rest_route=\/wp\/v2\/pages\/52872"}],"collection":[{"href":"https:\/\/web.molina.cl\/index.php?rest_route=\/wp\/v2\/pages"}],"about":[{"href":"https:\/\/web.molina.cl\/index.php?rest_route=\/wp\/v2\/types\/page"}],"author":[{"embeddable":true,"href":"https:\/\/web.molina.cl\/index.php?rest_route=\/wp\/v2\/users\/7"}],"replies":[{"embeddable":true,"href":"https:\/\/web.molina.cl\/index.php?rest_route=%2Fwp%2Fv2%2Fcomments&post=52872"}],"version-history":[{"count":23,"href":"https:\/\/web.molina.cl\/index.php?rest_route=\/wp\/v2\/pages\/52872\/revisions"}],"predecessor-version":[{"id":78837,"href":"https:\/\/web.molina.cl\/index.php?rest_route=\/wp\/v2\/pages\/52872\/revisions\/78837"}],"wp:attachment":[{"href":"https:\/\/web.molina.cl\/index.php?rest_route=%2Fwp%2Fv2%2Fmedia&parent=52872"}],"curies":[{"name":"wp","href":"https:\/\/api.w.org\/{rel}","templated":true}]}}