{"id":51651,"date":"2022-06-09T13:19:44","date_gmt":"2022-06-09T17:19:44","guid":{"rendered":"https:\/\/web.molina.cl\/?page_id=51651"},"modified":"2026-01-07T09:18:05","modified_gmt":"2026-01-07T13:18:05","slug":"direccion-de-seguridad-publica","status":"publish","type":"page","link":"https:\/\/web.molina.cl\/?page_id=51651","title":{"rendered":"Direcci\u00f3n de Seguridad P\u00fablica"},"content":{"rendered":"\n<h4 class=\"wp-block-heading\"><strong>Funciones:<\/strong><\/h4>\n\n\n\n<p><p align=\"justify\">Ser el colaborador directo del alcalde en las tareas de coordinaci\u00f3n y gesti\u00f3n de las funciones municipales en el desarrollo, implementaci\u00f3n, evaluaci\u00f3n, capacitaci\u00f3n y apoyo de acciones de prevenci\u00f3n social y situacional, la celebraci\u00f3n de convenios con otras entidades p\u00fablicas para la aplicaci\u00f3n de planes de reinserci\u00f3n social y de asistencia a v\u00edctimas, as\u00ed como tambi\u00e9n la adopci\u00f3n de medidas en el \u00e1mbito de la seguridad p\u00fablica a nivel comunal.<\/p><\/p>\n\n\n\n<p><p align=\"justify\">Asimismo, colaborar directamente al alcalde en la elaboraci\u00f3n, aprobaci\u00f3n, ejecuci\u00f3n y evaluaci\u00f3n del Plan Comunal de Seguridad P\u00fablica.<\/p><\/p>\n\n\n\n<p><p align=\"justify\">De la Direcci\u00f3n de Seguridad P\u00fablica depende la Central de C\u00e1maras de Televigilancia y la Oficina Senda Previene, quienes tienen como funci\u00f3n desarrollar gestiones de fiscalizaci\u00f3n, prevenci\u00f3n y educaci\u00f3n conforme a sus \u00e1reas de competencias en el \u00e1mbito de Seguridad P\u00fablica a nivel comunal.<\/p><\/p>\n\n\n\n<h4 class=\"wp-block-heading\"><strong>Las funciones en el \u00e1rea de Seguridad P\u00fablica ser\u00e1n las siguientes:<\/strong><\/h4>\n\n\n\n<p><p align=\"justify\">Asesorar al alcalde en materias de seguridad p\u00fablica, proponi\u00e9ndole nuevos programas y estrategias al referido Plan Comunal de Seguridad P\u00fablica, para aumentar y mejorar la percepci\u00f3n de seguridad de los habitantes de la comuna.<\/p><\/p>\n\n\n\n<p><p align=\"justify\">Entregar informaci\u00f3n oportuna al administrador municipal de los hechos delictuales acontecidos en la comuna.<\/p><\/p>\n\n\n\n<p><p align=\"justify\">Mantener un continuo acercamiento con los vecinos, dando a conocer el servicio que se presta, como asimismo incentivando a la comunidad en las materias de seguridad ciudadana.<\/p><\/p>\n\n\n\n<p><p align=\"justify\">Cooperar con las otras direcciones y departamentos del municipio en los problemas y transgresiones a ordenanzas municipales que pueda detectar, inform\u00e1ndolas para ser resueltas por las unidades competentes o denunciarlas si corresponde.<\/p><\/p>\n\n\n\n<p><p align=\"justify\">Analizar datos obtenidos en el desarrollo de sus funciones, deriv\u00e1ndolos a las unidades operativas municipales, en las materias propias de seguridad p\u00fablica.<\/p><\/p>\n\n\n\n<p><p align=\"justify\">Apoyar y prestar colaboraci\u00f3n a Carabineros de Chile y la Polic\u00eda de Investigaciones de Chile en materias propias de seguridad p\u00fablica.<\/p><\/p>\n\n\n\n<p><p align=\"justify\">Informar a la autoridad policial, situaciones delictivas sorprendidas en el desarrollo de las funciones preventivas de la Direcci\u00f3n de Seguridad P\u00fablica.<\/p><\/p>\n\n\n\n<p><p align=\"justify\">Fiscalizar el cumplimiento de la Ley de Tr\u00e1nsito y cooperar a Carabineros de Chile en eventos importantes que se desarrollen en la comuna, en coordinaci\u00f3n con la Direcci\u00f3n de Tr\u00e1nsito y Transporte P\u00fablico.<\/p><\/p>\n\n\n\n<figure class=\"wp-block-image size-large is-resized\">\n  <img loading=\"lazy\" decoding=\"async\" width=\"768\" height=\"1024\" \n    src=\"https:\/\/web.molina.cl\/wp-content\/uploads\/2025\/10\/WhatsApp-Image-2025-10-22-at-16.40.00-768x1024.jpeg\" \n    alt=\"\" \n    class=\"wp-image-76929\" \n    style=\"width:209px; height:auto; border:3px solid #ccc; border-radius:10px; padding:4px; background-color:#fff;\"\n srcset=\"https:\/\/web.molina.cl\/wp-content\/uploads\/2025\/10\/WhatsApp-Image-2025-10-22-at-16.40.00-768x1023.jpeg 768w, https:\/\/web.molina.cl\/wp-content\/uploads\/2025\/10\/WhatsApp-Image-2025-10-22-at-16.40.00-225x300.jpeg 225w, https:\/\/web.molina.cl\/wp-content\/uploads\/2025\/10\/WhatsApp-Image-2025-10-22-at-16.40.00-315x420.jpeg 315w, https:\/\/web.molina.cl\/wp-content\/uploads\/2025\/10\/WhatsApp-Image-2025-10-22-at-16.40.00-696x927.jpeg 696w, https:\/\/web.molina.cl\/wp-content\/uploads\/2025\/10\/WhatsApp-Image-2025-10-22-at-16.40.00.jpeg 905w\" sizes=\"(max-width: 768px) 100vw, 768px\" \/>\n<\/figure>\n\n\n\n<p class=\"has-regular-font-size dropcapp\" style=\"margin-top:-15px\"><br><strong>Director de Seguridad P\u00fablica<\/strong> <br>Fernando An\u00edbal Castro Tapia<\/p>\n\n\n\n<p><strong>Contacto:<\/strong> <br>seguridadpublica@molina.cl <br>752 760712<\/p>\n\n\n\n<p><strong>Profesi\u00f3n:<\/strong> <br>&#8211; Ingeniero en Gesti\u00f3n de Seguridad Privada. <br>&#8211; Administrador en Seguridad P\u00fablica. <br>&#8211; Asesor en Seguridad Privada.<br>&#8211; Capacitador en Seguridad Privada. <br>&#8211; Diplomado en Seguridad Ciudadana.<br>&#8211; Diplomado en Reforma Procesal Penal.<br>&#8211; Diplomado en Seguridad Privada.<br>&#8211; Certificado en Competencias Laborales como Encargado de Seguridad Ciudadana.<br>&#8211; Curso en Dise\u00f1o y Funcionamiento de la Direcci\u00f3n Municipal de Seguridad.<br>&#8211; Curso de Operador de C\u00e1maras y Central de Monitoreo.<br>&#8211; Curso de Patrullero Municipal.<br>&#8211; 25 a\u00f1os de experiencia en Seguridad P\u00fablica.<\/p>\n\n\n\n<hr class=\"wp-block-separator has-css-opacity\"\/>\n\n\n\n<p><a href=\"https:\/\/web.molina.cl\/wp-content\/uploads\/2022\/05\/PCSP-2022-2025-MOLINA.pdf\"><img loading=\"lazy\" decoding=\"async\" width=\"38\" height=\"32\" class=\"alignnone size-full wp-image-1946\" src=\"https:\/\/web.molina.cl\/wp-content\/uploads\/2015\/07\/pdf-icon-32x32.png\" alt=\"pdf-icon-32x32\">Descargue el Plan Comunal de Seguridad P\u00fablica 2022 -2025 Aqu\u00ed<\/a><\/p>\n","protected":false},"excerpt":{"rendered":"<p>Funciones: Ser el colaborador directo del alcalde en las tareas de coordinaci\u00f3n y gesti\u00f3n de las funciones municipales en el desarrollo, implementaci\u00f3n, evaluaci\u00f3n, capacitaci\u00f3n y apoyo de acciones de prevenci\u00f3n social y situacional, la celebraci\u00f3n de convenios con otras entidades p\u00fablicas para la aplicaci\u00f3n de planes de reinserci\u00f3n social y de asistencia a v\u00edctimas, as\u00ed [&hellip;]<\/p>\n","protected":false},"author":7,"featured_media":0,"parent":0,"menu_order":0,"comment_status":"closed","ping_status":"closed","template":"","meta":{"footnotes":""},"_links":{"self":[{"href":"https:\/\/web.molina.cl\/index.php?rest_route=\/wp\/v2\/pages\/51651"}],"collection":[{"href":"https:\/\/web.molina.cl\/index.php?rest_route=\/wp\/v2\/pages"}],"about":[{"href":"https:\/\/web.molina.cl\/index.php?rest_route=\/wp\/v2\/types\/page"}],"author":[{"embeddable":true,"href":"https:\/\/web.molina.cl\/index.php?rest_route=\/wp\/v2\/users\/7"}],"replies":[{"embeddable":true,"href":"https:\/\/web.molina.cl\/index.php?rest_route=%2Fwp%2Fv2%2Fcomments&post=51651"}],"version-history":[{"count":49,"href":"https:\/\/web.molina.cl\/index.php?rest_route=\/wp\/v2\/pages\/51651\/revisions"}],"predecessor-version":[{"id":78404,"href":"https:\/\/web.molina.cl\/index.php?rest_route=\/wp\/v2\/pages\/51651\/revisions\/78404"}],"wp:attachment":[{"href":"https:\/\/web.molina.cl\/index.php?rest_route=%2Fwp%2Fv2%2Fmedia&parent=51651"}],"curies":[{"name":"wp","href":"https:\/\/api.w.org\/{rel}","templated":true}]}}