{"id":45728,"date":"2021-07-01T09:31:55","date_gmt":"2021-07-01T13:31:55","guid":{"rendered":"https:\/\/web.molina.cl\/?page_id=45728"},"modified":"2025-01-09T13:37:09","modified_gmt":"2025-01-09T17:37:09","slug":"concejo-municipal-2021","status":"publish","type":"page","link":"https:\/\/web.molina.cl\/?page_id=45728","title":{"rendered":"Concejo Municipal Ilustre Municipalidad de Molina"},"content":{"rendered":"\n<p><strong>Funciones del Concejo Municipal<\/strong><\/p>\n\n\n\n<p><p align=\"justify\">El Concejo Municipal se define como un organismo de car\u00e1cter normativo, resolutivo y fiscalizador, encargado de hacer efectiva la participaci\u00f3n de la comunidad local y de ejercer las atribuciones que le se\u00f1ala la Ley Org\u00e1nica Constitucional de Municipalidades y otros cuerpos normativos vigentes.<\/p><\/p>\n\n\n\n<p><p align=\"justify\">El Concejo est\u00e1 integrado por seis concejales, m\u00e1s el Alcalde, elegidos en votaci\u00f3n directa mediante un sistema de representaci\u00f3n proporcional, en conformidad a la ley. Es presidido por el Alcalde, y en su ausencia, por el Concejal presente que haya obtenido individualmente mayor votaci\u00f3n ciudadana en la elecci\u00f3n respectiva, seg\u00fan lo establezca el Tribunal Electoral Regional.<\/p><\/p>\n\n\n\n<p>Algunas de las tareas que desempe\u00f1a son:<\/p>\n\n\n\n<ul>\n<li>Fiscalizar el cumplimiento de los planes y programas de inversi\u00f3n municipales y la ejecuci\u00f3n del presupuesto municipal;<\/li>\n\n\n\n<li>Fiscalizar las actuaciones y la gesti\u00f3n del Alcalde, especialmente para verificar que los actos municipales se hayan ajustado a las pol\u00edticas, normas y acuerdos adoptados por el Concejo, en el ejercicio de sus facultades propias, y formularle las observaciones que le merezcan.<\/li>\n\n\n\n<li>Elegir al Alcalde en caso de vacancia, de acuerdo a lo dispuesto en la Ley Org\u00e1nica Constitucional de Municipalidades.<\/li>\n<\/ul>\n\n\n\n<div class=\"wp-block-columns is-layout-flex wp-container-core-columns-is-layout-1 wp-block-columns-is-layout-flex\">\n<div class=\"wp-block-column is-layout-flow wp-block-column-is-layout-flow\"><div class=\"wp-block-image\">\n<figure class=\"aligncenter size-full is-resized\"><img loading=\"lazy\" decoding=\"async\" width=\"955\" height=\"960\" src=\"https:\/\/web.molina.cl\/wp-content\/uploads\/2024\/12\/F-Mendez-1.jpeg\" alt=\"\" class=\"wp-image-68894\" style=\"width:435px;height:auto\" srcset=\"https:\/\/web.molina.cl\/wp-content\/uploads\/2024\/12\/F-Mendez-1.jpeg 955w, https:\/\/web.molina.cl\/wp-content\/uploads\/2024\/12\/F-Mendez-1-298x300.jpeg 298w, https:\/\/web.molina.cl\/wp-content\/uploads\/2024\/12\/F-Mendez-1-150x150.jpeg 150w, https:\/\/web.molina.cl\/wp-content\/uploads\/2024\/12\/F-Mendez-1-768x772.jpeg 768w, https:\/\/web.molina.cl\/wp-content\/uploads\/2024\/12\/F-Mendez-1-418x420.jpeg 418w, https:\/\/web.molina.cl\/wp-content\/uploads\/2024\/12\/F-Mendez-1-696x700.jpeg 696w\" sizes=\"(max-width: 955px) 100vw, 955px\" \/><figcaption class=\"wp-element-caption\"><strong>Alcalde &#8211; Felipe M\u00e9ndez Guzm\u00e1n<\/strong><\/figcaption><\/figure><\/div><\/div>\n<\/div>\n\n\n\n<div class=\"wp-block-columns is-layout-flex wp-container-core-columns-is-layout-2 wp-block-columns-is-layout-flex\">\n<div class=\"wp-block-column is-vertically-aligned-center is-layout-flow wp-block-column-is-layout-flow\"><div class=\"wp-block-image\">\n<figure class=\"alignleft size-large is-resized\"><img loading=\"lazy\" decoding=\"async\" width=\"1024\" height=\"744\" src=\"https:\/\/web.molina.cl\/wp-content\/uploads\/2024\/12\/WhatsApp-Image-2024-12-06-at-08.23.08-1024x744.jpeg\" alt=\"\" class=\"wp-image-68896\" style=\"width:208px;height:auto\" srcset=\"https:\/\/web.molina.cl\/wp-content\/uploads\/2024\/12\/WhatsApp-Image-2024-12-06-at-08.23.08-1024x744.jpeg 1024w, https:\/\/web.molina.cl\/wp-content\/uploads\/2024\/12\/WhatsApp-Image-2024-12-06-at-08.23.08-300x218.jpeg 300w, https:\/\/web.molina.cl\/wp-content\/uploads\/2024\/12\/WhatsApp-Image-2024-12-06-at-08.23.08-768x558.jpeg 768w, https:\/\/web.molina.cl\/wp-content\/uploads\/2024\/12\/WhatsApp-Image-2024-12-06-at-08.23.08-1536x1116.jpeg 1536w, https:\/\/web.molina.cl\/wp-content\/uploads\/2024\/12\/WhatsApp-Image-2024-12-06-at-08.23.08-578x420.jpeg 578w, https:\/\/web.molina.cl\/wp-content\/uploads\/2024\/12\/WhatsApp-Image-2024-12-06-at-08.23.08-696x506.jpeg 696w, https:\/\/web.molina.cl\/wp-content\/uploads\/2024\/12\/WhatsApp-Image-2024-12-06-at-08.23.08-1068x776.jpeg 1068w, https:\/\/web.molina.cl\/wp-content\/uploads\/2024\/12\/WhatsApp-Image-2024-12-06-at-08.23.08-324x235.jpeg 324w, https:\/\/web.molina.cl\/wp-content\/uploads\/2024\/12\/WhatsApp-Image-2024-12-06-at-08.23.08.jpeg 1600w\" sizes=\"(max-width: 1024px) 100vw, 1024px\" \/><figcaption class=\"wp-element-caption\"><strong><em>Cristian Mart\u00ednez Hern\u00e1ndez<\/em><\/strong><\/figcaption><\/figure><\/div><\/div>\n\n\n\n<div class=\"wp-block-column is-layout-flow wp-block-column-is-layout-flow\"><div class=\"wp-block-image\">\n<figure class=\"alignleft size-large is-resized\"><img loading=\"lazy\" decoding=\"async\" width=\"2268\" height=\"1701\" src=\"https:\/\/web.molina.cl\/wp-content\/uploads\/2024\/12\/WhatsApp-Image-2024-12-06-at-08.23.26-1-edited-1.jpeg\" alt=\"\" class=\"wp-image-68910\" style=\"width:204px;height:auto\" srcset=\"https:\/\/web.molina.cl\/wp-content\/uploads\/2024\/12\/WhatsApp-Image-2024-12-06-at-08.23.26-1-edited-1.jpeg 2268w, https:\/\/web.molina.cl\/wp-content\/uploads\/2024\/12\/WhatsApp-Image-2024-12-06-at-08.23.26-1-edited-1-300x225.jpeg 300w, https:\/\/web.molina.cl\/wp-content\/uploads\/2024\/12\/WhatsApp-Image-2024-12-06-at-08.23.26-1-edited-1-1024x768.jpeg 1024w, https:\/\/web.molina.cl\/wp-content\/uploads\/2024\/12\/WhatsApp-Image-2024-12-06-at-08.23.26-1-edited-1-768x576.jpeg 768w, https:\/\/web.molina.cl\/wp-content\/uploads\/2024\/12\/WhatsApp-Image-2024-12-06-at-08.23.26-1-edited-1-1536x1152.jpeg 1536w, https:\/\/web.molina.cl\/wp-content\/uploads\/2024\/12\/WhatsApp-Image-2024-12-06-at-08.23.26-1-edited-1-2048x1536.jpeg 2048w, https:\/\/web.molina.cl\/wp-content\/uploads\/2024\/12\/WhatsApp-Image-2024-12-06-at-08.23.26-1-edited-1-560x420.jpeg 560w, https:\/\/web.molina.cl\/wp-content\/uploads\/2024\/12\/WhatsApp-Image-2024-12-06-at-08.23.26-1-edited-1-80x60.jpeg 80w, https:\/\/web.molina.cl\/wp-content\/uploads\/2024\/12\/WhatsApp-Image-2024-12-06-at-08.23.26-1-edited-1-696x522.jpeg 696w, https:\/\/web.molina.cl\/wp-content\/uploads\/2024\/12\/WhatsApp-Image-2024-12-06-at-08.23.26-1-edited-1-1068x801.jpeg 1068w, https:\/\/web.molina.cl\/wp-content\/uploads\/2024\/12\/WhatsApp-Image-2024-12-06-at-08.23.26-1-edited-1-1920x1440.jpeg 1920w, https:\/\/web.molina.cl\/wp-content\/uploads\/2024\/12\/WhatsApp-Image-2024-12-06-at-08.23.26-1-edited-1-265x198.jpeg 265w\" sizes=\"(max-width: 2268px) 100vw, 2268px\" \/><figcaption class=\"wp-element-caption\"><strong>Alejandro Ortiz Trejo<\/strong><\/figcaption><\/figure><\/div><\/div>\n\n\n\n<div class=\"wp-block-column is-layout-flow wp-block-column-is-layout-flow\">\n<figure class=\"wp-block-image size-full is-resized\"><img loading=\"lazy\" decoding=\"async\" width=\"500\" height=\"500\" src=\"https:\/\/web.molina.cl\/wp-content\/uploads\/2025\/01\/Diseno-sin-titulo-10.jpg\" alt=\"\" class=\"wp-image-69870\" style=\"width:169px;height:auto\" srcset=\"https:\/\/web.molina.cl\/wp-content\/uploads\/2025\/01\/Diseno-sin-titulo-10.jpg 500w, https:\/\/web.molina.cl\/wp-content\/uploads\/2025\/01\/Diseno-sin-titulo-10-300x300.jpg 300w, https:\/\/web.molina.cl\/wp-content\/uploads\/2025\/01\/Diseno-sin-titulo-10-150x150.jpg 150w, https:\/\/web.molina.cl\/wp-content\/uploads\/2025\/01\/Diseno-sin-titulo-10-420x420.jpg 420w\" sizes=\"(max-width: 500px) 100vw, 500px\" \/><figcaption class=\"wp-element-caption\"><strong>Jos\u00e9 Lizana Mu\u00f1oz<\/strong><\/figcaption><\/figure>\n<\/div>\n<\/div>\n\n\n\n<div class=\"wp-block-columns is-layout-flex wp-container-core-columns-is-layout-3 wp-block-columns-is-layout-flex\">\n<div class=\"wp-block-column is-layout-flow wp-block-column-is-layout-flow\">\n<figure class=\"wp-block-image size-large is-resized\"><img loading=\"lazy\" decoding=\"async\" width=\"1024\" height=\"704\" src=\"https:\/\/web.molina.cl\/wp-content\/uploads\/2024\/12\/WhatsApp-Image-2024-12-06-at-08.25.38-1-1024x704.jpeg\" alt=\"\" class=\"wp-image-68905\" style=\"width:229px;height:auto\" srcset=\"https:\/\/web.molina.cl\/wp-content\/uploads\/2024\/12\/WhatsApp-Image-2024-12-06-at-08.25.38-1-1024x704.jpeg 1024w, https:\/\/web.molina.cl\/wp-content\/uploads\/2024\/12\/WhatsApp-Image-2024-12-06-at-08.25.38-1-300x206.jpeg 300w, https:\/\/web.molina.cl\/wp-content\/uploads\/2024\/12\/WhatsApp-Image-2024-12-06-at-08.25.38-1-768x528.jpeg 768w, https:\/\/web.molina.cl\/wp-content\/uploads\/2024\/12\/WhatsApp-Image-2024-12-06-at-08.25.38-1-1536x1056.jpeg 1536w, https:\/\/web.molina.cl\/wp-content\/uploads\/2024\/12\/WhatsApp-Image-2024-12-06-at-08.25.38-1-611x420.jpeg 611w, https:\/\/web.molina.cl\/wp-content\/uploads\/2024\/12\/WhatsApp-Image-2024-12-06-at-08.25.38-1-218x150.jpeg 218w, https:\/\/web.molina.cl\/wp-content\/uploads\/2024\/12\/WhatsApp-Image-2024-12-06-at-08.25.38-1-696x479.jpeg 696w, https:\/\/web.molina.cl\/wp-content\/uploads\/2024\/12\/WhatsApp-Image-2024-12-06-at-08.25.38-1-1068x734.jpeg 1068w, https:\/\/web.molina.cl\/wp-content\/uploads\/2024\/12\/WhatsApp-Image-2024-12-06-at-08.25.38-1-100x70.jpeg 100w, https:\/\/web.molina.cl\/wp-content\/uploads\/2024\/12\/WhatsApp-Image-2024-12-06-at-08.25.38-1.jpeg 1600w\" sizes=\"(max-width: 1024px) 100vw, 1024px\" \/><figcaption class=\"wp-element-caption\"><strong><em>Ruperto Reyes Rojas<\/em><\/strong><\/figcaption><\/figure>\n<\/div>\n\n\n\n<div class=\"wp-block-column is-layout-flow wp-block-column-is-layout-flow\">\n<figure class=\"wp-block-image size-large is-resized\"><img loading=\"lazy\" decoding=\"async\" width=\"700\" height=\"500\" src=\"https:\/\/web.molina.cl\/wp-content\/uploads\/2021\/06\/f-valdes.jpg\" alt=\"\" class=\"wp-image-45735\" style=\"width:222px;height:auto\" srcset=\"https:\/\/web.molina.cl\/wp-content\/uploads\/2021\/06\/f-valdes.jpg 700w, https:\/\/web.molina.cl\/wp-content\/uploads\/2021\/06\/f-valdes-300x214.jpg 300w, https:\/\/web.molina.cl\/wp-content\/uploads\/2021\/06\/f-valdes-696x497.jpg 696w, https:\/\/web.molina.cl\/wp-content\/uploads\/2021\/06\/f-valdes-588x420.jpg 588w, https:\/\/web.molina.cl\/wp-content\/uploads\/2021\/06\/f-valdes-100x70.jpg 100w\" sizes=\"(max-width: 700px) 100vw, 700px\" \/><figcaption class=\"wp-element-caption\"><em><strong>Francisco Vald\u00e9s<\/strong> <strong>Lazo<\/strong><\/em> <\/figcaption><\/figure>\n<\/div>\n\n\n\n<div class=\"wp-block-column is-layout-flow wp-block-column-is-layout-flow\">\n<figure class=\"wp-block-image size-large is-resized\"><img loading=\"lazy\" decoding=\"async\" width=\"1024\" height=\"684\" src=\"https:\/\/web.molina.cl\/wp-content\/uploads\/2024\/12\/WhatsApp-Image-2024-12-06-at-08.22.55-1-1024x684.jpeg\" alt=\"\" class=\"wp-image-68904\" style=\"width:239px;height:auto\" srcset=\"https:\/\/web.molina.cl\/wp-content\/uploads\/2024\/12\/WhatsApp-Image-2024-12-06-at-08.22.55-1-1024x684.jpeg 1024w, https:\/\/web.molina.cl\/wp-content\/uploads\/2024\/12\/WhatsApp-Image-2024-12-06-at-08.22.55-1-300x200.jpeg 300w, https:\/\/web.molina.cl\/wp-content\/uploads\/2024\/12\/WhatsApp-Image-2024-12-06-at-08.22.55-1-768x513.jpeg 768w, https:\/\/web.molina.cl\/wp-content\/uploads\/2024\/12\/WhatsApp-Image-2024-12-06-at-08.22.55-1-1536x1026.jpeg 1536w, https:\/\/web.molina.cl\/wp-content\/uploads\/2024\/12\/WhatsApp-Image-2024-12-06-at-08.22.55-1-2048x1368.jpeg 2048w, https:\/\/web.molina.cl\/wp-content\/uploads\/2024\/12\/WhatsApp-Image-2024-12-06-at-08.22.55-1-629x420.jpeg 629w, https:\/\/web.molina.cl\/wp-content\/uploads\/2024\/12\/WhatsApp-Image-2024-12-06-at-08.22.55-1-696x465.jpeg 696w, https:\/\/web.molina.cl\/wp-content\/uploads\/2024\/12\/WhatsApp-Image-2024-12-06-at-08.22.55-1-1068x714.jpeg 1068w, https:\/\/web.molina.cl\/wp-content\/uploads\/2024\/12\/WhatsApp-Image-2024-12-06-at-08.22.55-1-1920x1283.jpeg 1920w\" sizes=\"(max-width: 1024px) 100vw, 1024px\" \/><figcaption class=\"wp-element-caption\"><em><strong>Alejandra San Mart\u00edn<\/strong><\/em> <strong>Rojas<\/strong><\/figcaption><\/figure>\n<\/div>\n<\/div>\n","protected":false},"excerpt":{"rendered":"<p>Funciones del Concejo Municipal El Concejo Municipal se define como un organismo de car\u00e1cter normativo, resolutivo y fiscalizador, encargado de hacer efectiva la participaci\u00f3n de la comunidad local y de ejercer las atribuciones que le se\u00f1ala la Ley Org\u00e1nica Constitucional de Municipalidades y otros cuerpos normativos vigentes. El Concejo est\u00e1 integrado por seis concejales, m\u00e1s [&hellip;]<\/p>\n","protected":false},"author":1,"featured_media":0,"parent":0,"menu_order":0,"comment_status":"closed","ping_status":"closed","template":"","meta":{"footnotes":""},"_links":{"self":[{"href":"https:\/\/web.molina.cl\/index.php?rest_route=\/wp\/v2\/pages\/45728"}],"collection":[{"href":"https:\/\/web.molina.cl\/index.php?rest_route=\/wp\/v2\/pages"}],"about":[{"href":"https:\/\/web.molina.cl\/index.php?rest_route=\/wp\/v2\/types\/page"}],"author":[{"embeddable":true,"href":"https:\/\/web.molina.cl\/index.php?rest_route=\/wp\/v2\/users\/1"}],"replies":[{"embeddable":true,"href":"https:\/\/web.molina.cl\/index.php?rest_route=%2Fwp%2Fv2%2Fcomments&post=45728"}],"version-history":[{"count":25,"href":"https:\/\/web.molina.cl\/index.php?rest_route=\/wp\/v2\/pages\/45728\/revisions"}],"predecessor-version":[{"id":69873,"href":"https:\/\/web.molina.cl\/index.php?rest_route=\/wp\/v2\/pages\/45728\/revisions\/69873"}],"wp:attachment":[{"href":"https:\/\/web.molina.cl\/index.php?rest_route=%2Fwp%2Fv2%2Fmedia&parent=45728"}],"curies":[{"name":"wp","href":"https:\/\/api.w.org\/{rel}","templated":true}]}}