{"id":439,"date":"2015-04-13T11:27:46","date_gmt":"2015-04-13T14:27:46","guid":{"rendered":"http:\/\/localhost\/molina\/?page_id=439"},"modified":"2015-04-13T11:27:46","modified_gmt":"2015-04-13T14:27:46","slug":"lugares","status":"publish","type":"page","link":"https:\/\/web.molina.cl\/?page_id=439","title":{"rendered":"Lugares"},"content":{"rendered":"<div id=\"tdi_1\" class=\"tdc-row\"><div class=\"vc_row tdi_2  wpb_row td-pb-row\" >\n<style scoped>\n\/* custom css - generated by TagDiv Composer *\/\n\n\/* custom css - generated by TagDiv Composer *\/\n.tdi_2,\r\n                .tdi_2 .tdc-columns{\r\n                    min-height: 0;\r\n                }.tdi_2,\r\n\t\t\t\t.tdi_2 .tdc-columns{\r\n\t\t\t\t    display: block;\r\n\t\t\t\t}.tdi_2 .tdc-columns{\r\n\t\t\t\t    width: 100%;\r\n\t\t\t\t}.tdi_2:before,\r\n\t\t\t\t.tdi_2:after{\r\n\t\t\t\t    display: table;\r\n\t\t\t\t}\n<\/style><div class=\"vc_column tdi_4  wpb_column vc_column_container tdc-column td-pb-span12\">\n<style scoped>\n\/* custom css - generated by TagDiv Composer *\/\n\n\/* custom css - generated by TagDiv Composer *\/\n.tdi_4{\r\n                    vertical-align: baseline;\r\n                }.tdi_4 > .wpb_wrapper,\r\n\t\t\t\t.tdi_4 > .wpb_wrapper > .tdc-elements{\r\n\t\t\t\t    display: block;\r\n\t\t\t\t}.tdi_4 > .wpb_wrapper > .tdc-elements{\r\n\t\t\t\t    width: 100%;\r\n\t\t\t\t}.tdi_4 > .wpb_wrapper > .vc_row_inner{\r\n\t\t\t\t    width: auto;\r\n\t\t\t\t}.tdi_4 > .wpb_wrapper{\r\n\t\t\t\t    width: auto;\r\n\t\t\t\t    height: auto;\r\n\t\t\t\t}\n<\/style><div class=\"wpb_wrapper\" >[vc_button title=\u00bbParque Nacional\u00bb target=\u00bb_self\u00bb color=\u00bbbtn-primary\u00bb icon=\u00bbnone\u00bb size=\u00bbwpb_regularsize\u00bb href=\u00bb?page_id=381&#8243;][vc_button title=\u00bbInformaci\u00f3nes\u00bb target=\u00bb_self\u00bb color=\u00bbbtn-primary\u00bb icon=\u00bbnone\u00bb size=\u00bbwpb_regularsize\u00bb href=\u00bb?page_id=23019&#8243;][vc_button title=\u00bbLugares\u00bb target=\u00bb_self\u00bb color=\u00bbbtn-success\u00bb icon=\u00bbnone\u00bb size=\u00bbwpb_regularsize\u00bb href=\u00bb#\u00bb][vc_button title=\u00bbGaler\u00eda\u00bb target=\u00bb_self\u00bb color=\u00bbbtn-primary\u00bb icon=\u00bbnone\u00bb size=\u00bbwpb_regularsize\u00bb href=\u00bb?page_id=461&#8243;][vc_button title=\u00bbVideos\u00bb target=\u00bb_self\u00bb color=\u00bbbtn-primary\u00bb icon=\u00bbnone\u00bb size=\u00bbwpb_regularsize\u00bb href=\u00bb?page_id=367&#8243;]<\/div><\/div><\/div><\/div><div id=\"tdi_5\" class=\"tdc-row\"><div class=\"vc_row tdi_6  wpb_row td-pb-row\" >\n<style scoped>\n\/* custom css - generated by TagDiv Composer *\/\n\n\/* custom css - generated by TagDiv Composer *\/\n.tdi_6,\r\n                .tdi_6 .tdc-columns{\r\n                    min-height: 0;\r\n                }.tdi_6,\r\n\t\t\t\t.tdi_6 .tdc-columns{\r\n\t\t\t\t    display: block;\r\n\t\t\t\t}.tdi_6 .tdc-columns{\r\n\t\t\t\t    width: 100%;\r\n\t\t\t\t}.tdi_6:before,\r\n\t\t\t\t.tdi_6:after{\r\n\t\t\t\t    display: table;\r\n\t\t\t\t}\n<\/style><div class=\"vc_column tdi_8  wpb_column vc_column_container tdc-column td-pb-span6\">\n<style scoped>\n\/* custom css - generated by TagDiv Composer *\/\n\n\/* custom css - generated by TagDiv Composer *\/\n.tdi_8{\r\n                    vertical-align: baseline;\r\n                }.tdi_8 > .wpb_wrapper,\r\n\t\t\t\t.tdi_8 > .wpb_wrapper > .tdc-elements{\r\n\t\t\t\t    display: block;\r\n\t\t\t\t}.tdi_8 > .wpb_wrapper > .tdc-elements{\r\n\t\t\t\t    width: 100%;\r\n\t\t\t\t}.tdi_8 > .wpb_wrapper > .vc_row_inner{\r\n\t\t\t\t    width: auto;\r\n\t\t\t\t}.tdi_8 > .wpb_wrapper{\r\n\t\t\t\t    width: auto;\r\n\t\t\t\t    height: auto;\r\n\t\t\t\t}\n<\/style><div class=\"wpb_wrapper\" ><div class=\"wpb_wrapper wpb_text_column td_block_wrap td_block_wrap vc_column_text tdi_9  tagdiv-type td-pb-border-top td_block_template_2\"  data-td-block-uid=\"tdi_9\" >\n<style>\n\/* custom css - generated by TagDiv Composer *\/\n.vc_column_text > .td-element-style{\r\n\t\t\t\t\tz-index: -1;\r\n\t\t\t\t}\n<\/style><div class=\"td-fix-index\"><p><strong>SIETE TAZAS<\/strong><br \/>\n<img loading=\"lazy\" decoding=\"async\" class=\" size-full wp-image-388 alignleft\" src=\"wp-content\/uploads\/2015\/04\/Siete-Tazas1.jpg\" alt=\"Siete-Tazas1\" width=\"300\" height=\"208\" \/><\/p>\n<p style=\"text-align: justify;\">Las Siete Tazas son pozas naturales, las cuales han sido esculpidas durante siglos por el desgaste ininterrumpido provocado por la acci\u00f3n de las aguas del R\u00edo Claro, que en complicidad con el Salto de la Leona , nos brinda su obra milenaria sobre la roca bas\u00e1ltica. Se destaca en este sector el Sendero Interpretativo para discapacitados y personas de la tercera edad.<\/p>\n<\/div><\/div><\/div><\/div><div class=\"vc_column tdi_11  wpb_column vc_column_container tdc-column td-pb-span6\">\n<style scoped>\n\/* custom css - generated by TagDiv Composer *\/\n\n\/* custom css - generated by TagDiv Composer *\/\n.tdi_11{\r\n                    vertical-align: baseline;\r\n                }.tdi_11 > .wpb_wrapper,\r\n\t\t\t\t.tdi_11 > .wpb_wrapper > .tdc-elements{\r\n\t\t\t\t    display: block;\r\n\t\t\t\t}.tdi_11 > .wpb_wrapper > .tdc-elements{\r\n\t\t\t\t    width: 100%;\r\n\t\t\t\t}.tdi_11 > .wpb_wrapper > .vc_row_inner{\r\n\t\t\t\t    width: auto;\r\n\t\t\t\t}.tdi_11 > .wpb_wrapper{\r\n\t\t\t\t    width: auto;\r\n\t\t\t\t    height: auto;\r\n\t\t\t\t}\n<\/style><div class=\"wpb_wrapper\" ><div class=\"wpb_wrapper wpb_text_column td_block_wrap td_block_wrap vc_column_text tdi_12  tagdiv-type td-pb-border-top td_block_template_2\"  data-td-block-uid=\"tdi_12\" ><div class=\"td-fix-index\"><p><strong>SALTO DE LA LEONA<\/strong><br \/>\n<img loading=\"lazy\" decoding=\"async\" class=\" size-full wp-image-389 alignleft\" src=\"wp-content\/uploads\/2015\/04\/Salto21.jpg\" alt=\"Salto21\" width=\"300\" height=\"208\" \/><\/p>\n<p style=\"text-align: justify;\">El Salto de la Leona forma parte de las atracciones del \u00e1rea del Parque Nacional Radal Siete Tazas. Se trata de una cascada de 25 metros que muestra claramente el desgaste de la roca bas\u00e1ltica por la acci\u00f3n milenaria del agua. Es posible observarlo desde sus miradores e incluso llegar hasta su poza en un Sendero de Excursi\u00f3n de aproximadamente 1.200 m y disfrutar de un ba\u00f1o imperdible en \u00e9poca estival en sus g\u00e9lidas aguas.<\/p>\n<\/div><\/div><\/div><\/div><\/div><\/div><div id=\"tdi_13\" class=\"tdc-row\"><div class=\"vc_row tdi_14  wpb_row td-pb-row\" >\n<style scoped>\n\/* custom css - generated by TagDiv Composer *\/\n\n\/* custom css - generated by TagDiv Composer *\/\n.tdi_14,\r\n                .tdi_14 .tdc-columns{\r\n                    min-height: 0;\r\n                }.tdi_14,\r\n\t\t\t\t.tdi_14 .tdc-columns{\r\n\t\t\t\t    display: block;\r\n\t\t\t\t}.tdi_14 .tdc-columns{\r\n\t\t\t\t    width: 100%;\r\n\t\t\t\t}.tdi_14:before,\r\n\t\t\t\t.tdi_14:after{\r\n\t\t\t\t    display: table;\r\n\t\t\t\t}\n<\/style><div class=\"vc_column tdi_16  wpb_column vc_column_container tdc-column td-pb-span12\">\n<style scoped>\n\/* custom css - generated by TagDiv Composer *\/\n\n\/* custom css - generated by TagDiv Composer *\/\n.tdi_16{\r\n                    vertical-align: baseline;\r\n                }.tdi_16 > .wpb_wrapper,\r\n\t\t\t\t.tdi_16 > .wpb_wrapper > .tdc-elements{\r\n\t\t\t\t    display: block;\r\n\t\t\t\t}.tdi_16 > .wpb_wrapper > .tdc-elements{\r\n\t\t\t\t    width: 100%;\r\n\t\t\t\t}.tdi_16 > .wpb_wrapper > .vc_row_inner{\r\n\t\t\t\t    width: auto;\r\n\t\t\t\t}.tdi_16 > .wpb_wrapper{\r\n\t\t\t\t    width: auto;\r\n\t\t\t\t    height: auto;\r\n\t\t\t\t}\n<\/style><div class=\"wpb_wrapper\" ><div class=\"wpb_wrapper td_block_empty_space td_block_wrap vc_empty_space tdi_18 \"  style=\"height: 40px\"><\/div><\/div><\/div><\/div><\/div><div id=\"tdi_19\" class=\"tdc-row\"><div class=\"vc_row tdi_20  wpb_row td-pb-row\" >\n<style scoped>\n\/* custom css - generated by TagDiv Composer *\/\n\n\/* custom css - generated by TagDiv Composer *\/\n.tdi_20,\r\n                .tdi_20 .tdc-columns{\r\n                    min-height: 0;\r\n                }.tdi_20,\r\n\t\t\t\t.tdi_20 .tdc-columns{\r\n\t\t\t\t    display: block;\r\n\t\t\t\t}.tdi_20 .tdc-columns{\r\n\t\t\t\t    width: 100%;\r\n\t\t\t\t}.tdi_20:before,\r\n\t\t\t\t.tdi_20:after{\r\n\t\t\t\t    display: table;\r\n\t\t\t\t}\n<\/style><div class=\"vc_column tdi_22  wpb_column vc_column_container tdc-column td-pb-span6\">\n<style scoped>\n\/* custom css - generated by TagDiv Composer *\/\n\n\/* custom css - generated by TagDiv Composer *\/\n.tdi_22{\r\n                    vertical-align: baseline;\r\n                }.tdi_22 > .wpb_wrapper,\r\n\t\t\t\t.tdi_22 > .wpb_wrapper > .tdc-elements{\r\n\t\t\t\t    display: block;\r\n\t\t\t\t}.tdi_22 > .wpb_wrapper > .tdc-elements{\r\n\t\t\t\t    width: 100%;\r\n\t\t\t\t}.tdi_22 > .wpb_wrapper > .vc_row_inner{\r\n\t\t\t\t    width: auto;\r\n\t\t\t\t}.tdi_22 > .wpb_wrapper{\r\n\t\t\t\t    width: auto;\r\n\t\t\t\t    height: auto;\r\n\t\t\t\t}\n<\/style><div class=\"wpb_wrapper\" ><div class=\"wpb_wrapper wpb_text_column td_block_wrap td_block_wrap vc_column_text tdi_23  tagdiv-type td-pb-border-top td_block_template_2\"  data-td-block-uid=\"tdi_23\" ><div class=\"td-fix-index\"><p><strong>SALTO EL VELO DE LA NOVIA<\/strong><br \/>\n<img loading=\"lazy\" decoding=\"async\" class=\" size-full wp-image-393 alignleft\" src=\"wp-content\/uploads\/2015\/04\/Velo21.jpg\" alt=\"Velo21\" width=\"300\" height=\"208\" \/><\/p>\n<p style=\"text-align: justify;\">Es el primer salto importante que se puede observar en el trayecto Radal a Parque Ingl\u00e9s, a un costado del camino principal en donde existe un mirador para observar su belleza. Es una cascada de 60 metros aproximadamente, que presenta una neblina permanente como consecuencia de la altura de su ca\u00edda.<\/p>\n<\/div><\/div><\/div><\/div><div class=\"vc_column tdi_25  wpb_column vc_column_container tdc-column td-pb-span6\">\n<style scoped>\n\/* custom css - generated by TagDiv Composer *\/\n\n\/* custom css - generated by TagDiv Composer *\/\n.tdi_25{\r\n                    vertical-align: baseline;\r\n                }.tdi_25 > .wpb_wrapper,\r\n\t\t\t\t.tdi_25 > .wpb_wrapper > .tdc-elements{\r\n\t\t\t\t    display: block;\r\n\t\t\t\t}.tdi_25 > .wpb_wrapper > .tdc-elements{\r\n\t\t\t\t    width: 100%;\r\n\t\t\t\t}.tdi_25 > .wpb_wrapper > .vc_row_inner{\r\n\t\t\t\t    width: auto;\r\n\t\t\t\t}.tdi_25 > .wpb_wrapper{\r\n\t\t\t\t    width: auto;\r\n\t\t\t\t    height: auto;\r\n\t\t\t\t}\n<\/style><div class=\"wpb_wrapper\" ><div class=\"wpb_wrapper wpb_text_column td_block_wrap td_block_wrap vc_column_text tdi_26  tagdiv-type td-pb-border-top td_block_template_2\"  data-td-block-uid=\"tdi_26\" ><div class=\"td-fix-index\"><p><strong>CAJ\u00d3N EL BOLS\u00d3N<\/strong><br \/>\n<img loading=\"lazy\" decoding=\"async\" class=\" size-full wp-image-395 alignleft\" src=\"wp-content\/uploads\/2015\/04\/Bolson.jpg\" alt=\"Bolson\" width=\"300\" height=\"208\" \/><\/p>\n<p style=\"text-align: justify;\">Llanura intramontana que destaca por su espectacular formaci\u00f3n rocosa al fondo, como es el Colmillo del Diablo, que anta\u00f1o fue el h\u00e1bitat del Guanaco por sus vegas cristalinas. Gran parte de esta zona est\u00e1 cubierta de ceniza volc\u00e1nica que muchas veces es confundida por nieve a la distancia, lo que llama la atenci\u00f3n de los turistas que visitan el sector. A este sector es posible acceder a caballo o por un sendero de trekking bien se\u00f1alizado a 12 km de Parque Ingl\u00e9s. En el lugar existen 2 refugios, uno de madera y el otro de piedra.<\/p>\n<\/div><\/div><\/div><\/div><\/div><\/div><div id=\"tdi_27\" class=\"tdc-row\"><div class=\"vc_row tdi_28  wpb_row td-pb-row\" >\n<style scoped>\n\/* custom css - generated by TagDiv Composer *\/\n\n\/* custom css - generated by TagDiv Composer *\/\n.tdi_28,\r\n                .tdi_28 .tdc-columns{\r\n                    min-height: 0;\r\n                }.tdi_28,\r\n\t\t\t\t.tdi_28 .tdc-columns{\r\n\t\t\t\t    display: block;\r\n\t\t\t\t}.tdi_28 .tdc-columns{\r\n\t\t\t\t    width: 100%;\r\n\t\t\t\t}.tdi_28:before,\r\n\t\t\t\t.tdi_28:after{\r\n\t\t\t\t    display: table;\r\n\t\t\t\t}\n<\/style><div class=\"vc_column tdi_30  wpb_column vc_column_container tdc-column td-pb-span12\">\n<style scoped>\n\/* custom css - generated by TagDiv Composer *\/\n\n\/* custom css - generated by TagDiv Composer *\/\n.tdi_30{\r\n                    vertical-align: baseline;\r\n                }.tdi_30 > .wpb_wrapper,\r\n\t\t\t\t.tdi_30 > .wpb_wrapper > .tdc-elements{\r\n\t\t\t\t    display: block;\r\n\t\t\t\t}.tdi_30 > .wpb_wrapper > .tdc-elements{\r\n\t\t\t\t    width: 100%;\r\n\t\t\t\t}.tdi_30 > .wpb_wrapper > .vc_row_inner{\r\n\t\t\t\t    width: auto;\r\n\t\t\t\t}.tdi_30 > .wpb_wrapper{\r\n\t\t\t\t    width: auto;\r\n\t\t\t\t    height: auto;\r\n\t\t\t\t}\n<\/style><div class=\"wpb_wrapper\" ><div class=\"wpb_wrapper td_block_empty_space td_block_wrap vc_empty_space tdi_32 \"  style=\"height: 40px\"><\/div><\/div><\/div><\/div><\/div><div id=\"tdi_33\" class=\"tdc-row\"><div class=\"vc_row tdi_34  wpb_row td-pb-row\" >\n<style scoped>\n\/* custom css - generated by TagDiv Composer *\/\n\n\/* custom css - generated by TagDiv Composer *\/\n.tdi_34,\r\n                .tdi_34 .tdc-columns{\r\n                    min-height: 0;\r\n                }.tdi_34,\r\n\t\t\t\t.tdi_34 .tdc-columns{\r\n\t\t\t\t    display: block;\r\n\t\t\t\t}.tdi_34 .tdc-columns{\r\n\t\t\t\t    width: 100%;\r\n\t\t\t\t}.tdi_34:before,\r\n\t\t\t\t.tdi_34:after{\r\n\t\t\t\t    display: table;\r\n\t\t\t\t}\n<\/style><div class=\"vc_column tdi_36  wpb_column vc_column_container tdc-column td-pb-span6\">\n<style scoped>\n\/* custom css - generated by TagDiv Composer *\/\n\n\/* custom css - generated by TagDiv Composer *\/\n.tdi_36{\r\n                    vertical-align: baseline;\r\n                }.tdi_36 > .wpb_wrapper,\r\n\t\t\t\t.tdi_36 > .wpb_wrapper > .tdc-elements{\r\n\t\t\t\t    display: block;\r\n\t\t\t\t}.tdi_36 > .wpb_wrapper > .tdc-elements{\r\n\t\t\t\t    width: 100%;\r\n\t\t\t\t}.tdi_36 > .wpb_wrapper > .vc_row_inner{\r\n\t\t\t\t    width: auto;\r\n\t\t\t\t}.tdi_36 > .wpb_wrapper{\r\n\t\t\t\t    width: auto;\r\n\t\t\t\t    height: auto;\r\n\t\t\t\t}\n<\/style><div class=\"wpb_wrapper\" ><div class=\"wpb_wrapper wpb_text_column td_block_wrap td_block_wrap vc_column_text tdi_37  tagdiv-type td-pb-border-top td_block_template_2\"  data-td-block-uid=\"tdi_37\" ><div class=\"td-fix-index\"><p style=\"text-align: justify;\"><strong>VALLE DEL INDIO<\/strong><br \/>\n<img loading=\"lazy\" decoding=\"async\" class=\" size-full wp-image-397 alignleft\" src=\"wp-content\/uploads\/2015\/04\/valle-del-indio.jpg\" alt=\"valle-del-indio\" width=\"300\" height=\"208\" \/>Al final de este valle, es posible observar el nacimiento del r\u00edo Claro, ubicado entre los cordones monta\u00f1osos Guamparo por el lado sur, El Bols\u00f3n y la Laguna de las \u00c1nimas por el norte, en ella se advierte la presencia de patos y gansos silvestres. Desde este valle se puede observar el cerro Manantial Pelado que se destaca por su color rojizo de sus laderas y una tonalidad m\u00e1s oscura originada por la acci\u00f3n volc\u00e1nica de cientos de a\u00f1os, destacando una formaci\u00f3n pura de \u00d1irre, aleros rocosos y saltos de agua. Son alrededor de 4 kil\u00f3metros que separan al Caj\u00f3n del Bols\u00f3n y el Valle del Indio. En este trayecto y saliendo del Bols\u00f3n, es posible ver el Salto del Indio, cascada de unos 15 metros sobre el r\u00edo Claro.<\/p>\n<\/div><\/div><\/div><\/div><div class=\"vc_column tdi_39  wpb_column vc_column_container tdc-column td-pb-span6\">\n<style scoped>\n\/* custom css - generated by TagDiv Composer *\/\n\n\/* custom css - generated by TagDiv Composer *\/\n.tdi_39{\r\n                    vertical-align: baseline;\r\n                }.tdi_39 > .wpb_wrapper,\r\n\t\t\t\t.tdi_39 > .wpb_wrapper > .tdc-elements{\r\n\t\t\t\t    display: block;\r\n\t\t\t\t}.tdi_39 > .wpb_wrapper > .tdc-elements{\r\n\t\t\t\t    width: 100%;\r\n\t\t\t\t}.tdi_39 > .wpb_wrapper > .vc_row_inner{\r\n\t\t\t\t    width: auto;\r\n\t\t\t\t}.tdi_39 > .wpb_wrapper{\r\n\t\t\t\t    width: auto;\r\n\t\t\t\t    height: auto;\r\n\t\t\t\t}\n<\/style><div class=\"wpb_wrapper\" ><\/div><\/div><\/div><\/div>","protected":false},"excerpt":{"rendered":"","protected":false},"author":1,"featured_media":0,"parent":0,"menu_order":0,"comment_status":"open","ping_status":"open","template":"page-pagebuilder-title.php","meta":{"footnotes":""},"_links":{"self":[{"href":"https:\/\/web.molina.cl\/index.php?rest_route=\/wp\/v2\/pages\/439"}],"collection":[{"href":"https:\/\/web.molina.cl\/index.php?rest_route=\/wp\/v2\/pages"}],"about":[{"href":"https:\/\/web.molina.cl\/index.php?rest_route=\/wp\/v2\/types\/page"}],"author":[{"embeddable":true,"href":"https:\/\/web.molina.cl\/index.php?rest_route=\/wp\/v2\/users\/1"}],"replies":[{"embeddable":true,"href":"https:\/\/web.molina.cl\/index.php?rest_route=%2Fwp%2Fv2%2Fcomments&post=439"}],"version-history":[{"count":0,"href":"https:\/\/web.molina.cl\/index.php?rest_route=\/wp\/v2\/pages\/439\/revisions"}],"wp:attachment":[{"href":"https:\/\/web.molina.cl\/index.php?rest_route=%2Fwp%2Fv2%2Fmedia&parent=439"}],"curies":[{"name":"wp","href":"https:\/\/api.w.org\/{rel}","templated":true}]}}