{"id":40125,"date":"2020-06-19T05:21:45","date_gmt":"2020-06-19T05:21:45","guid":{"rendered":"http:\/\/web.molina.cl\/?page_id=40125"},"modified":"2020-11-19T12:36:34","modified_gmt":"2020-11-19T16:36:34","slug":"protocolo-de-notificaciones-juzgado-de-policia-local","status":"publish","type":"page","link":"https:\/\/web.molina.cl\/?page_id=40125","title":{"rendered":"Protocolo de Notificaciones Juzgado de Polic\u00eda Local"},"content":{"rendered":"\n<div class=\"wp-block-file\"><a href=\"https:\/\/web.molina.cl\/wp-content\/uploads\/2020\/06\/OFICIO-N\u00b0216.pdf\">OFICIO N\u00b0 216<\/a><a href=\"https:\/\/web.molina.cl\/wp-content\/uploads\/2020\/06\/OFICIO-N\u00b0216.pdf\" class=\"wp-block-file__button\" download>Descarga<\/a><\/div>\n\n\n\n<div class=\"wp-block-file\"><a href=\"https:\/\/web.molina.cl\/wp-content\/uploads\/2020\/06\/DECRETO-ECONOMICO-N\u00b027.pdf\">DECRETO ECON\u00d3MICO N\u00b0 27<\/a><a href=\"https:\/\/web.molina.cl\/wp-content\/uploads\/2020\/06\/DECRETO-ECONOMICO-N\u00b027.pdf\" class=\"wp-block-file__button\" download>Descarga<\/a><\/div>\n\n\n\n<div class=\"wp-block-file\"><a href=\"https:\/\/web.molina.cl\/wp-content\/uploads\/2020\/07\/D-E-N39-notificacion-por-correo-electronicos-y-presentaciones.pdf\">Decreto Econ\u00f3mico N\u00b039 notificaci\u00f3n por correo electr\u00f3nico y presentaciones<\/a><a href=\"https:\/\/web.molina.cl\/wp-content\/uploads\/2020\/07\/D-E-N39-notificacion-por-correo-electronicos-y-presentaciones.pdf\" class=\"wp-block-file__button\" download>Descarga<\/a><\/div>\n\n\n\n<div class=\"wp-block-file\"><a href=\"https:\/\/web.molina.cl\/wp-content\/uploads\/2020\/11\/DECRETO-ECONOMICO-N59-JPL-MOLINA-16112020.pdf\">DECRETO ECON\u00d3MICO N\u00b0 59<\/a><a href=\"https:\/\/web.molina.cl\/wp-content\/uploads\/2020\/11\/DECRETO-ECONOMICO-N59-JPL-MOLINA-16112020.pdf\" class=\"wp-block-file__button\" download>Descarga<\/a><\/div>\n\n\n\n<figure class=\"wp-block-image size-large td-caption-align-https:\/\/web.molina.cl\/wp-content\/uploads\/2020\/07\/notificacion-correo-electronico.jpg\"><img loading=\"lazy\" decoding=\"async\" width=\"617\" height=\"850\" src=\"https:\/\/web.molina.cl\/wp-content\/uploads\/2020\/07\/notificacion-correo-electronico.jpg\" alt=\"\" class=\"wp-image-40560\" srcset=\"https:\/\/web.molina.cl\/wp-content\/uploads\/2020\/07\/notificacion-correo-electronico.jpg 617w, https:\/\/web.molina.cl\/wp-content\/uploads\/2020\/07\/notificacion-correo-electronico-218x300.jpg 218w, https:\/\/web.molina.cl\/wp-content\/uploads\/2020\/07\/notificacion-correo-electronico-305x420.jpg 305w\" sizes=\"(max-width: 617px) 100vw, 617px\" \/><\/figure>\n\n\n\n<p><strong><u>FUNCIONAMIENTO DEL TRIBUNAL EN EPOCA DE PANDEMIA<\/u><\/strong><\/p>\n\n\n\n<p>ATENDIDA LA EMERGENCIA SANITARIA QUE AFECTA AL PAIS Y CONSIDERANDO LAS MEDIDAS ADOPTADAS POR EL PLENO DE LA CORTE SUPREMA, EN ACTA N\u00b042-2020; POR LA&nbsp; I. CORTE DE APELACIONES DE TALCA, ACUERDO N\u00b0 78 COMPLEMENTADO POR EL ACUERDO N\u00b079 DE FECHA 16 Y 17 DE MARZO RESPECTIVAMENTE; LO DISPUESTO POR LA CONTRALORIA GENERAL DE LA REPUBLICA EN EL OFICIO 3.610-2020 DE FECHA 17 DE MARZO DE 2020, DECRETO ECONOMICO N\u00b0 7 A 41 DICTADOS POR ESTE TRIBUNAL;LO ESTABLECIDO POR LA LEY 21.241; Y LAS ADECUACIONES REALIZADAS AL PROTOCOLO DE MANEJO Y PREVENCION ANTE COVID-19 EN TRIBUNALES Y UNIDADES JUDICIALES ELABORADO POR LA CORTE SUPREMA, EL JUZGADO DE POLICIA LOCAL DE LA COMUNA DE MOLINA INFORMA.-<\/p>\n\n\n\n<p><strong><u>1.- RESPECTO DE LA ATENCION DE PUBLICO Y FUNCIONAMIENTO DEL TRIBUNAL:<\/u><\/strong><\/p>\n\n\n\n<p>1a.-EL TRIBUNAL MANTIENE UN &nbsp;SISTEMA DE <strong>ATENCION DE PUBLICO DIARIO<\/strong> MEDIANTE TURNOS ETICOS SEMANALES PRESENCIALES DE 2 a 3 FUNCIONARIOS Y EL RESTO&nbsp; CON SISTEMA DE TELETRABAJO, &nbsp;<strong>EN HORARIO DE LUNES A VIERNES DE 9:00 A 13:00 HORAS.<\/strong><\/p>\n\n\n\n<p>1b.-<strong>SOLO SE ATENDERAN EMERGENCIAS<\/strong>, ENTENDIENDOSE COMO TALES, ENTREGAS DE LICENCIAS DE CONDUCIR Y CONFECCION O RENOVACION DE PERMISOS PROVISORIOS, PRESENTACION DE ESCRITOS DE PLAZO U OTRAS DE SIMILAR NATURALEZA CALIFICADA POR la SECRETARIA DEL TRIBUNAL O QUIEN LA SUBROGUE LEGALMENTE.-<\/p>\n\n\n\n<p>1c.-<strong>SE SUSPENDEN TODOS LOS COMPARENDOS Y AUDIENCIAS DECRETADAS EN LOS PROCESOS,<\/strong> LOS CUALES HAN SIDO <strong>RE AGENDADOS,<\/strong> DICTANDOSE LA CORRESPONDIENTE RESOLUCION EN LOS MISMOS Y NOTIFICADA ESTA A LAS PARTES.<\/p>\n\n\n\n<p>1d.-RESPECTO A LAS RESOLUCIONES RECAIDAS EN LOS PROCESOS QUE SE ESTEN TRAMITANDO EN EL TRIBUNAL, PODRAN <strong>SER NOTIFICADOS A LAS PARTES<\/strong> POR MEDIO DEL CORREO GENERADO PARA TAL EFECTO: <strong>JPL@MOLINA.CL<\/strong> CON LAS EXCEPCIONES ESTABLECIDAS EN LA LEY 21.241 A SOLICITUD EXPRESA DE LA PARTE.<\/p>\n\n\n\n<p>1e.-CUALQUIER <strong>OTRA SOLICITUD<\/strong> EFECTUADA AL TRIBUNAL, SE PODRA REALIZAR POR MEDIO DE LOS <strong>CORREOS ELECTRONICOS INSTITUCIONALES DE CADA FUNCIONARIA SEG\u00daN SEA LA MATERIA,<\/strong> CONFORME SE PUBLICO EN EL DECRETO ECONOMICO N\u00b039.<\/p>\n\n\n\n<p>1f.-<strong>SE MANTIENE EL CORREO DE LA SECRETARIA TITULAR<\/strong> DO\u00d1A <strong>PATRICIA TELLEZ CRUZ<\/strong>, PARA EFECTOS DE RECIBIR POR ESE MEDIO ESCRITOS DE PLAZO, DENUNCIAS, QUERELLAS Y DEMANDAS EFECTUADAS POR PERSONAS NATURALES, Y JURIDICAS TALES COMO CONAF, SERNAC, SAG, INDAP, COMPA\u00d1IAS DE SEGURO, DIVERSOS DEPARTAMENTOS DE LA I. MUNICIPALIDAD DE MOLINA Y OTRAS QUE CALIFIQUE LA JUEZ TITULAR O QUIEN LA SUBROGUE LEGALMENTE.<\/p>\n\n\n\n<p><strong><u>2.- RESPECTO A LAS MEDIDAS SANITARIAS:<\/u><\/strong><\/p>\n\n\n\n<p>CON EL OBJETO DE ASEGURAR EL DEBIDO RESGUARDO <strong><u>DE LA SALUD<\/u><\/strong> DE LAS <strong><u>FUNCIONARIAS<\/u><\/strong> Y <strong><u>LOS USUARIOS Y P\u00daBLICO<\/u><\/strong> <strong><u>EN GENERAL<\/u><\/strong>, PARA EL INGRESO AL JUZGADO SE DEBER\u00c1 CUMPLIR CON LOS SIGUIENTES MEDIDAS:<\/p>\n\n\n\n<p>2a.-<strong>SOLO PODR\u00c1 INGRESAR LA PERSONA CITADA O QUI\u00c9N REQUIERA LA ATENCI\u00d3N DE ALG\u00daN TR\u00c1MITE<\/strong>, SIN ACOMPA\u00d1ANTES, SALVO EL CASO CALIFICADO DE PERSONAS QUE TENGAN CAPACIDAD LIMITADA Y QUE NECESARIAMENTE DEBEN ASISTIR ACOMPA\u00d1ADAS;<\/p>\n\n\n\n<p>2b.-LA PERSONA AL INGRESO <strong>DEBER\u00c1 HIGIENIZAR SU CALZADO<\/strong> MEDIANTE EL PEDILUVIO&nbsp; IMPLEMENTADO AL INGRESO DEL JUZGADO&nbsp; y <strong>EL USO OBLIGATORIO DE MASCARILLAS;<\/strong><\/p>\n\n\n\n<p>2c.-A LA PERSONA QUE INGRESE AL JUZGADO, SE PROCEDER\u00c1 A <strong>TOMAR LA TEMPERATURA<\/strong> POR EL FUNCIONARIO ENCARGADO PARA TALES EFECTOS; <strong>SE IMPEDIRA EL INGRESO DE PERSONAS QUE REGISTREN NIVELES SUPERIORES AL MAXIMO ESTABLECIDO POR LA AUTORIDAD SANITARIA. (37.8 GRADOS)<\/strong><\/p>\n\n\n\n<p>2d.-AL INGRESO SE DEBER\u00c1 <strong>HACER USO DE ALCOHOL GEL EN LAS MANOS<\/strong>, EL QUE SE ENCUENTRA IMPLEMENTADO EN DISPENSADORES AL INGRESO DEL TRIBUNAL;<\/p>\n\n\n\n<p>2e.-<strong>EL M\u00c1XIMO DE PERSONAS<\/strong> QUE PODR\u00c1N PERMANECER EN EL HALL DEL TRIBUNAL, SE LIMITAR\u00c1 <strong>A 3 PERSONAS A LA VEZ,<\/strong> QUIENES DEBER\u00c1N MANTENER LA DISTANCIA SOCIAL DE AL MENOS 1,5 METROS ENTRE ESTAS;<\/p>\n\n\n\n<p>2f.-SI ALGUNA DE LOS USUARIOS SOLICITAN HACER ALG\u00daN <strong>TR\u00c1MITE POR ESCRITO<\/strong>, COMO POR EJEMPLO DESCARGOS O ALGUNA DECLARACI\u00d3N, ESTA SE PODR\u00c1 EFECTUAR MEDIANTE <strong>FORMULARIOS CREADOS PARA TALES EFECTOS<\/strong>, LOS CUALES SE PODR\u00c1N COMPLETAR Y APOYAR EN MESAS DISPUESTAS EN EL PASILLO DEL TRIBUNAL, LAS CUALES SE MANTIENE A UNA DISTANCIA DE AL MENOS 1.5 METROS CADA UNA.<\/p>\n\n\n\n<p>2g.-CADA UNA DE ESTAS MESAS, ESTAR\u00c1 IMPLEMENTADA CON UN <strong>DISPENSADOR DE ALCOHOL GEL Y UN L\u00c1PIZ PASTA DEBIDAMENTE HIGIENIZADOS.<\/strong><\/p>\n\n\n\n<p>2h.-EN EL EVENTO DE QUE LA PERSONA NECESITE O DEBA &nbsp;NECESARIAMENTE DECLARAR ANTE UN ACTUARIO EN <strong>FORMA PRESENCIAL<\/strong>, \u00c9STA DECLARACI\u00d3N SE HAR\u00c1 EN LOS HABIT\u00c1CULOS DEBIDAMENTE AISLADOS MEDIANTE VIDRIOS, Y EN LOS CUALES EL <strong>ACTUARIO DEBER\u00c1 PERMANECER SIEMPRE HACIENDO USO DE MASCARILLAS, ESCUDO FACIAL Y GUANTES DESECHABLES.<\/strong><\/p>\n\n\n\n<p>2i.-EL <strong>MES\u00d3N DEL TRIBUNAL<\/strong> <strong>DE ATENCION DE PUBLICO<\/strong>, SE ENCUENTRAN AISLADO MEDIANTE UN VIDRIO QUE PERMITE MANTENER&nbsp; LA DEBIDA DISTANCIA ENTRE EL FUNCIONARIO QUE ATIENDE Y EL USUARIO.-<\/p>\n\n\n\n<p>2j.-EN EL EVENTO DE QUE <strong>LA PERSONA NO PUEDA CONCURRIR AL TRIBUNAL POR ALG\u00daN IMPEDIMENTO<\/strong>, CALIFICADO POR LA JUEZ O SECRETARIA TITULAR, PODR\u00c1 EFECTUAR SUS DESCARGOS, SOLICITUDES, O EFECTUAR ALGUNA DECLARACI\u00d3N INDAGATORIA&nbsp; <strong>VIA CORREO ELECTR\u00d3NICO&nbsp; INSTITUCIONAL <\/strong>AUTORIZADOS PARA ELLO, QUE SERA EL DE LA SECRETARIA ABOGADA DEL TRIBUNAL, DO\u00d1A <strong>PATRICIA ALEJANDRA T\u00c9LLEZ&nbsp; CRUZ; Y DE LAS ACTUARIAS, DO\u00d1A MYRIAM CALDER\u00d3N FUENTES, KARINA SAAVEDRA BAEZA Y KATHERINE ADASME OYARCE.-<\/strong><\/p>\n\n\n\n<p><strong>POR ORDEN DE LA JUEZA.-<\/strong><\/p>\n","protected":false},"excerpt":{"rendered":"<p>FUNCIONAMIENTO DEL TRIBUNAL EN EPOCA DE PANDEMIA ATENDIDA LA EMERGENCIA SANITARIA QUE AFECTA AL PAIS Y CONSIDERANDO LAS MEDIDAS ADOPTADAS POR EL PLENO DE LA CORTE SUPREMA, EN ACTA N\u00b042-2020; POR LA&nbsp; I. CORTE DE APELACIONES DE TALCA, ACUERDO N\u00b0 78 COMPLEMENTADO POR EL ACUERDO N\u00b079 DE FECHA 16 Y 17 DE MARZO RESPECTIVAMENTE; LO [&hellip;]<\/p>\n","protected":false},"author":1,"featured_media":0,"parent":0,"menu_order":0,"comment_status":"closed","ping_status":"closed","template":"","meta":{"footnotes":""},"_links":{"self":[{"href":"https:\/\/web.molina.cl\/index.php?rest_route=\/wp\/v2\/pages\/40125"}],"collection":[{"href":"https:\/\/web.molina.cl\/index.php?rest_route=\/wp\/v2\/pages"}],"about":[{"href":"https:\/\/web.molina.cl\/index.php?rest_route=\/wp\/v2\/types\/page"}],"author":[{"embeddable":true,"href":"https:\/\/web.molina.cl\/index.php?rest_route=\/wp\/v2\/users\/1"}],"replies":[{"embeddable":true,"href":"https:\/\/web.molina.cl\/index.php?rest_route=%2Fwp%2Fv2%2Fcomments&post=40125"}],"version-history":[{"count":7,"href":"https:\/\/web.molina.cl\/index.php?rest_route=\/wp\/v2\/pages\/40125\/revisions"}],"predecessor-version":[{"id":42141,"href":"https:\/\/web.molina.cl\/index.php?rest_route=\/wp\/v2\/pages\/40125\/revisions\/42141"}],"wp:attachment":[{"href":"https:\/\/web.molina.cl\/index.php?rest_route=%2Fwp%2Fv2%2Fmedia&parent=40125"}],"curies":[{"name":"wp","href":"https:\/\/api.w.org\/{rel}","templated":true}]}}