{"id":40094,"date":"2020-06-10T21:24:42","date_gmt":"2020-06-10T21:24:42","guid":{"rendered":"http:\/\/web.molina.cl\/?page_id=40094"},"modified":"2020-06-10T23:36:06","modified_gmt":"2020-06-10T23:36:06","slug":"beneficiarios-beca-municipal-de-educacion-superior-2020","status":"publish","type":"page","link":"https:\/\/web.molina.cl\/?page_id=40094","title":{"rendered":"Beneficiarios Beca Municipal de Educaci\u00f3n Superior 2020"},"content":{"rendered":"\n<p><strong>El Beneficio se deposita a la Cuenta Rut o Indicada en la Postulaci\u00f3n<\/strong><\/p>\n\n\n\n<figure class=\"wp-block-table\"><table class=\"\"><tbody><tr><td><strong>Nombre   Completo<\/strong><\/td><\/tr><tr><td>Acu\u00f1a Acu\u00f1a\n  Maite Catalina<\/td><\/tr><tr><td>Aguilar Mej\u00edas\n  Claudia Alejandra<\/td><\/tr><tr><td>Aguilera Mu\u00f1oz\n  Vicente Javier<\/td><\/tr><tr><td>Aguilera\n  Navarro Bel\u00e9n Elissette<\/td><\/tr><tr><td>Alarc\u00f3n\n  Catal\u00e1n P\u00eda Contanza<\/td><\/tr><tr><td>Almonacid\n  Navarrete Andr\u00e9s Sebasti\u00e1n<\/td><\/tr><tr><td>\u00c1lvarez\n  Aguilera Valentina Loreto<\/td><\/tr><tr><td>Ampuero Salas\n  Yanina Valentina<\/td><\/tr><tr><td>Ant\u00fanez\n  Saavedra Brian Alejandro<\/td><\/tr><tr><td>Aravena\n  Mart\u00ednez Claudia Andrea<\/td><\/tr><tr><td>Araya Mu\u00f1oz\n  Ian Luis Alexis<\/td><\/tr><tr><td>Arcos Chamorro\n  Luis Felipe<\/td><\/tr><tr><td>Arru\u00e9 Alarc\u00f3n\n  Basti\u00e1n Guillermo<\/td><\/tr><tr><td>Avenda\u00f1o Pavez\n  Javiera Paz<\/td><\/tr><tr><td>\u00c1vila D\u00edaz\n  Jonathan Gabriel<\/td><\/tr><tr><td>Ayala Lagos\n  Cathalina Salom\u00e9<\/td><\/tr><tr><td>Baeza Luna\n  Constanza Victoria<\/td><\/tr><tr><td>Baffico\n  Hern\u00e1ndez Natacha Bel\u00e9n<\/td><\/tr><tr><td>Barahona\n  Barahona Nathaly Constanza<\/td><\/tr><tr><td>Barrios\n  Aguilera Silvana del Pilar<\/td><\/tr><tr><td>Bravo Concha\n  Javiera Antonia<\/td><\/tr><tr><td>Bravo Herrera\n  Genesis Antonieta<\/td><\/tr><tr><td>Bravo\n  Montecinos Escarlet Andrea<\/td><\/tr><tr><td>Bravo San\n  Mart\u00edn Christian Alejandro<\/td><\/tr><tr><td>Burgos Jara\n  Daniela Andrea<\/td><\/tr><tr><td>Bustamante\n  Benavides Benjam\u00edn Alexis<\/td><\/tr><tr><td>Bustamante\n  Quinteros Mat\u00edas Javier<\/td><\/tr><tr><td>Calder\u00f3n\n  Verdugo Krisna Daniela<\/td><\/tr><tr><td>Campillay\n  N\u00fa\u00f1ez Vicente Ignacio<\/td><\/tr><tr><td>Campos Cofr\u00e9\n  Yarixa Mariana Andrea<\/td><\/tr><tr><td>Campos Concha\n  Justine Catalina<\/td><\/tr><tr><td>Campos Rojas\n  Aileen Fabiola<\/td><\/tr><tr><td>Canales\n  Cabellos Catherine Andrea<\/td><\/tr><tr><td>Carmona&nbsp; Soto Valentina Constanza<\/td><\/tr><tr><td>Caro\n  Bustamante Francisca Javiera<\/td><\/tr><tr><td>Carrillo\n  Iturra Francisca Javiera<\/td><\/tr><tr><td>Castillo\n  Fierro Mariela Judith<\/td><\/tr><tr><td>Castro Aguirre\n  Ghislaine Genesis<\/td><\/tr><tr><td>Chand\u00eda Donoso\n  Vanessa Leslie<\/td><\/tr><tr><td>Coliao Painepe\n  Katherine Andrea<\/td><\/tr><tr><td>Concha\n  Marchant Camila Tamara<\/td><\/tr><tr><td>Contreras\n  Campos Cristian Sebasti\u00e1n<\/td><\/tr><tr><td>Contreras\n  Hern\u00e1ndez Felipe Michel<\/td><\/tr><tr><td>Contreras\n  Lobos El\u00edas Benjam\u00edn<\/td><\/tr><tr><td>Contreras\n  Pereira Mart\u00edn Daniel<\/td><\/tr><tr><td>Cornejo\n  Aguilera Patricio Antonio<\/td><\/tr><tr><td>Da Silva\n  Calder\u00f3n Francine Mariana<\/td><\/tr><tr><td>De la Fuente\n  Abarca Ignacio Nicol\u00e1s<\/td><\/tr><tr><td>D\u00edaz Adasme\n  Mar\u00eda Jos\u00e9<\/td><\/tr><tr><td>D\u00edaz Miranda\n  Mar\u00eda Monserrat<\/td><\/tr><tr><td>D\u00edaz P\u00e9rez\n  Macarena Andrea<\/td><\/tr><tr><td>Dur\u00e1n Flores\n  Marcela Isabel<\/td><\/tr><tr><td>Escobar Osorio\n  Francisca Antonia<\/td><\/tr><tr><td>Espina&nbsp; Guti\u00e9rrez Valentina Constanza<\/td><\/tr><tr><td>Espinoza D\u00edaz\n  Valentina Alejandra<\/td><\/tr><tr><td>Espinoza L\u00f3pez\n  Ivania Marisol<\/td><\/tr><tr><td>Espinoza\n  Salinas Carolina Andrea<\/td><\/tr><tr><td>Estuardo Varas\n  Francisca Ignacia<\/td><\/tr><tr><td>Far\u00edas\n  Gonz\u00e1lez Diego Alejandro<\/td><\/tr><tr><td>Fierro Fierro\n  Erna Gregoria<\/td><\/tr><tr><td>Figueroa\n  Gajardo Felipe Alexi<\/td><\/tr><tr><td>Fonseca&nbsp; Aliaga Vania Alejandra<\/td><\/tr><tr><td>Fuentes D\u00edaz\n  Catalina Alejandra<\/td><\/tr><tr><td>Fuenzalida\n  Torres Carla Andrea<\/td><\/tr><tr><td>Gajardo Burgos\n  Vania Dennise<\/td><\/tr><tr><td>Gajardo\n  Quezada Benjam\u00edn Andr\u00e9s<\/td><\/tr><tr><td>Gajardo Salas\n  Carla Silvana<\/td><\/tr><tr><td>Gallardo\n  Pe\u00f1aloza Kevin Antonio<\/td><\/tr><tr><td>Gallardo\n  Saavedra Cintia Pilar<\/td><\/tr><tr><td>G\u00f3mez\n  Fuentealba Ignacio Alejandro<\/td><\/tr><tr><td>G\u00f3mez Salas\n  Diego Alejandro<\/td><\/tr><tr><td>Gonz\u00e1lez\n  Arroyo Carolina Pilar<\/td><\/tr><tr><td>Gonz\u00e1lez\n  Barahona Javier Ignacio<\/td><\/tr><tr><td>Gonz\u00e1lez Caro\n  Yazm\u00edn Fernanda<\/td><\/tr><tr><td>Gonz\u00e1lez\n  Castro Carla Estefan\u00eda<\/td><\/tr><tr><td>Gonz\u00e1lez\n  Herrera Ren\u00e1n Andr\u00e9s<\/td><\/tr><tr><td>Gonz\u00e1lez Pi\u00f1a\n  Carlos Manuel<\/td><\/tr><tr><td>Gonz\u00e1lez\n  Ram\u00edrez Allison Priscila<\/td><\/tr><tr><td>Gonz\u00e1lez\n  Valenzuela Jos\u00e9 Adolfo<\/td><\/tr><tr><td>Gu\u00ed\u00f1ez S\u00e1nchez\n  Paulina Adrea<\/td><\/tr><tr><td>Gu\u00ed\u00f1ez S\u00e1nchez\n  Pedro Alonso<\/td><\/tr><tr><td>Guti\u00e9rrez&nbsp; L\u00f3pez Alejandro Emilio<\/td><\/tr><tr><td>Guti\u00e9rrez\n  Mellado Eric Antonio<\/td><\/tr><tr><td>Guti\u00e9rrez\n  Sanhueza Pablo Nicol\u00e1s<\/td><\/tr><tr><td>Henr\u00edquez\n  Orellana Yerty Macarena<\/td><\/tr><tr><td>Hern\u00e1ndez\n  Ayala Nitzy Daniela<\/td><\/tr><tr><td>Hern\u00e1ndez\n  Quezada Johan Mat\u00edas<\/td><\/tr><tr><td>Herrera\n  Barrios Constanza Valentina<\/td><\/tr><tr><td>Herrera Epuyao\n  Octavio Alberto<\/td><\/tr><tr><td>Herrera\n  Pacheco Kevin Alexander<\/td><\/tr><tr><td>Hoffmann\n  Contreras Sabari Alexandra<\/td><\/tr><tr><td>Huerta Thomann\n  Antonia Valentina<\/td><\/tr><tr><td>Ibarra M\u00e9ndez\n  Jos\u00e9 Hern\u00e1n<\/td><\/tr><tr><td>Illanes\n  Maldonado Roc\u00edo Constanza<\/td><\/tr><tr><td>Inostroza D\u00edaz\n  Paola Bel\u00e9n<\/td><\/tr><tr><td>Inostroza\n  Quijada B\u00e1rbara Tamara<\/td><\/tr><tr><td>Iturra Caro\n  Josefina Paz<\/td><\/tr><tr><td>Iturra\n  Troncoso Fernanda Adrea<\/td><\/tr><tr><td>Iturriaga\n  Concha Valeria Lissette<\/td><\/tr><tr><td>Jara Rojas\n  Natalia Andrea<\/td><\/tr><tr><td>Jofr\u00e9 Gajardo\n  Daniela Polette<\/td><\/tr><tr><td>Lagos Salgado\n  Valentina Almendra<\/td><\/tr><tr><td>Leyton Rojas\n  Isidora del Pilar<\/td><\/tr><tr><td>L\u00f3pez \u00c1vila\n  Yennifer del Pilar<\/td><\/tr><tr><td>L\u00f3pez Mu\u00f1oz\n  Camila Ignacia<\/td><\/tr><tr><td>L\u00f3pez Poblete\n  Joaqu\u00edn Alberto<\/td><\/tr><tr><td>Marchant\n  Saavedra Christian Marcelo<\/td><\/tr><tr><td>Mart\u00ednez\n  Salazar Nicol\u00e1s Alexander<\/td><\/tr><tr><td>Mauffray\n  Robles Sergio Ricardo<\/td><\/tr><tr><td>Mel\u00e9ndez\n  Belmar Oscar Ignacio<\/td><\/tr><tr><td>Mery Mery\n  Carlos Israel<\/td><\/tr><tr><td>Meza Pardo\n  Carmen Gloria<\/td><\/tr><tr><td>Miranda\n  Montecinos Paz Isidora<\/td><\/tr><tr><td>Mondaca D\u00edaz\n  Claudia Alejandra<\/td><\/tr><tr><td>Mora\n  Valenzuela Carla Ignacia<\/td><\/tr><tr><td>Moraga\n  Gonz\u00e1lez Nicole Valentina<\/td><\/tr><tr><td>Morales Baeza\n  Gustavo Andres<\/td><\/tr><tr><td>Morales\n  Miranda Sebasti\u00e1n Alfredo<\/td><\/tr><tr><td>Morales\n  Morales Mar\u00eda Consuelo<\/td><\/tr><tr><td>Moya Amaro\n  Javiera Fernanda<\/td><\/tr><tr><td>Moz\u00f3 Duque\n  Enrique Osvaldo<\/td><\/tr><tr><td>Mu\u00f1oz Araya\n  Claudia Valentina<\/td><\/tr><tr><td>Mu\u00f1oz Araya\n  Luis Claudio<\/td><\/tr><tr><td>Mu\u00f1oz Arenas\n  Mat\u00edas Andr\u00e9s<\/td><\/tr><tr><td>Mu\u00f1oz C\u00e1ceres\n  Mauricio Alejandro<\/td><\/tr><tr><td>Mu\u00f1oz Garc\u00eda\n  Marcelo Esteban<\/td><\/tr><tr><td>Mu\u00f1oz Gonz\u00e1lez\n  Estefan\u00eda del Carmen<\/td><\/tr><tr><td>Mu\u00f1oz\n  Henr\u00edquez Yerko Paolo<\/td><\/tr><tr><td>Mu\u00f1oz Mancilla\n  Javiera Jes\u00fas<\/td><\/tr><tr><td>Mu\u00f1oz Oyarz\u00fan\n  Francisca Paz<\/td><\/tr><tr><td>Mu\u00f1oz Riquelme\n  Carla Andrea<\/td><\/tr><tr><td>Navarrete\n  Mu\u00f1oz Jennifer Ver\u00f3nica<\/td><\/tr><tr><td>Navarrete\n  Padilla Scarlett Millaray<\/td><\/tr><tr><td>Navarrete S\u00e1ez\n  Elizabeth Sujey<\/td><\/tr><tr><td>Navarro\n  Verdugo Roxana del Carmen<\/td><\/tr><tr><td>N\u00fa\u00f1ez Ponce\n  Francisco Andr\u00e9s<\/td><\/tr><tr><td>Olivares\n  Quiroga Marcela Paz<\/td><\/tr><tr><td>Olmedo Palma\n  Fernanda Lorena<\/td><\/tr><tr><td>Opazo\n  Bustamante Sebasti\u00e1n Andr\u00e9s<\/td><\/tr><tr><td>Opazo Garrido\n  Priscila Daniela<\/td><\/tr><tr><td>Orellana P\u00e9rez\n  Luis Alexis<\/td><\/tr><tr><td>Ortega\n  Monsalve Nataly Alejandra<\/td><\/tr><tr><td>Pacheco\n  Iribarra Vanessa Alexandra<\/td><\/tr><tr><td>Paillamil\n  Nahuelp\u00e1n Katerin Natalia<\/td><\/tr><tr><td>Palomera P\u00e9rez\n  Elizabeth Valeska<\/td><\/tr><tr><td>Parraguez\n  Pinto Lizette Vanesa<\/td><\/tr><tr><td>Pereira Rojas\n  Javiera Jes\u00fas<\/td><\/tr><tr><td>P\u00e9rez Cabrera\n  Hugo Banjam\u00edn<\/td><\/tr><tr><td>P\u00e9rez Jones\n  Millaray Bel\u00e9n<\/td><\/tr><tr><td>P\u00e9rez Pino\n  Nice Yohanna<\/td><\/tr><tr><td>Pezoa Caama\u00f1o\n  Sebasti\u00e1n Alejandro<\/td><\/tr><tr><td>Pinto Kaba\n  Constanza del Pilar<\/td><\/tr><tr><td>Pizarro Quiroz\n  Mart\u00edn Eduardo<\/td><\/tr><tr><td>Poblete Abdala\n  Diego Ignacio<\/td><\/tr><tr><td>Poblete\n  Bustamante Alexandra Tamara<\/td><\/tr><tr><td>Poblete\n  Marchant Camila Antonia<\/td><\/tr><tr><td>Poblete\n  Quijada Claudia Morelia<\/td><\/tr><tr><td>Ponce Ortega\n  Gustavo Andr\u00e9s<\/td><\/tr><tr><td>Quezada&nbsp; D\u00edaz Jos\u00e9 Alberto<\/td><\/tr><tr><td>Quitral V\u00e9liz\n  Javiera Andrea<\/td><\/tr><tr><td>Ram\u00edrez\n  Gajardo Marcelo Adri\u00e1n<\/td><\/tr><tr><td>Ram\u00edrez Reyes\n  Javiera Antonia<\/td><\/tr><tr><td>Recabal P\u00e9rez\n  Felipe Ariel<\/td><\/tr><tr><td>Reyes Albornoz\n  Consuelo Soledad<\/td><\/tr><tr><td>Reyes Fierro\n  Liette Anai<\/td><\/tr><tr><td>Rioseco\n  Andrade Javier Antonio<\/td><\/tr><tr><td>Riquelme\n  Contreras Javiera Ignacia<\/td><\/tr><tr><td>Riquelme\n  Sep\u00falveda Caroline Denisse<\/td><\/tr><tr><td>Rojas&nbsp; Cabrera Ver\u00f3nica Nicole<\/td><\/tr><tr><td>Rojas Barros\n  Sebasti\u00e1n Ignacio<\/td><\/tr><tr><td>Rojas Bravo\n  Camila Fernanda<\/td><\/tr><tr><td>Rojas Cabrera\n  Constanza Ignacia<\/td><\/tr><tr><td>Rojas Loyola\n  Paz Feranda<\/td><\/tr><tr><td>Rojas Sazo\n  Felipe Antonio<\/td><\/tr><tr><td>S\u00e1ez&nbsp; L\u00f3pez Francisca Javiera<\/td><\/tr><tr><td>S\u00e1ez Herrera\n  Fabiola Skarleis<\/td><\/tr><tr><td>Salas Andrae\n  Mart\u00edn Leonardo<\/td><\/tr><tr><td>Salas Mu\u00f1oz\n  Sim\u00f3n Ignacio<\/td><\/tr><tr><td>Salas Vilches\n  Rachel de los Angeles<\/td><\/tr><tr><td>Salazar\n  Cisterna Javiera Antonia<\/td><\/tr><tr><td>Salazar\n  Naranjo Antonieta de los Angeles<\/td><\/tr><tr><td>Sald\u00eda&nbsp; Mar\u00edn Estefan\u00eda de los Angeles<\/td><\/tr><tr><td>Sald\u00edas\n  V\u00e1squez \u00c1mbar Dayhan<\/td><\/tr><tr><td>Salinas Campos\n  Claudia Andrea<\/td><\/tr><tr><td>Salinas D\u00edaz\n  Felipe Antonio<\/td><\/tr><tr><td>S\u00e1nchez\n  Mart\u00ednez Daniel Andr\u00e9s<\/td><\/tr><tr><td>Santander\n  Mej\u00edas Daniela Andrea<\/td><\/tr><tr><td>Sazo Nu\u00f1ez\n  Kimberley Irene<\/td><\/tr><tr><td>Sazo Pincheira\n  Bel\u00e9n Eliana<\/td><\/tr><tr><td>Segovia Araya\n  Carla Bel\u00e9n<\/td><\/tr><tr><td>Sep\u00falveda&nbsp; Erazo Ignacia Bel\u00e9n<\/td><\/tr><tr><td>Sep\u00falveda&nbsp; Salas Julissa Mar\u00eda<\/td><\/tr><tr><td>Soto M\u00e9ndez\n  Rub\u00e9n Ignacio<\/td><\/tr><tr><td>Tapia Cavieres\n  Camila Fernanda<\/td><\/tr><tr><td>Toledo Caro\n  \u00c1lvaro Patricio<\/td><\/tr><tr><td>Torres Acevedo\n  Jennifer Andrea<\/td><\/tr><tr><td>Trejos\n  Guenante Michelle Denise<\/td><\/tr><tr><td>Trujillo Sazo\n  Nayeli Ignacia<\/td><\/tr><tr><td>Valdebenito\n  P\u00e9rez Luis Esteban<\/td><\/tr><tr><td>Valderrama\n  Cabrera Pablo Alan<\/td><\/tr><tr><td>Valderrama\n  Gaete Carlos Nicol\u00e1s<\/td><\/tr><tr><td>Valenzuela\n  D\u00edaz Valentina Paz<\/td><\/tr><tr><td>Valenzuela\n  Gonz\u00e1lez Priscila Cassandra<\/td><\/tr><tr><td>Valenzuela\n  Salazar Silvana Valeska<\/td><\/tr><tr><td>V\u00e1squez Vald\u00e9s\n  Cristian Andr\u00e9s<\/td><\/tr><tr><td>Vel\u00e1squez\n  Astudillo Daniela Victoria<\/td><\/tr><tr><td>V\u00e9liz Castro\n  Arlen Ignacia<\/td><\/tr><tr><td>Venegas\n  Morales Mar\u00eda de los \u00c1ngeles<\/td><\/tr><tr><td>Veragua\n  Orellana Karina Daniela<\/td><\/tr><tr><td>Vergara\n  \u00c1lvarez Tamara Paz<\/td><\/tr><tr><td>Vergara Olave\n  Millaray Ana\u00eds<\/td><\/tr><tr><td>Vergara Ortiz\n  Esther Noem\u00ed<\/td><\/tr><tr><td>Vidal Ferreira\n  Josefa Catalina<\/td><\/tr><tr><td>Vidal Rojas\n  Catalina Lucila<\/td><\/tr><tr><td>Vilches&nbsp; Rioseco Yenifer del Carmen<\/td><\/tr><tr><td>Vilches\n  Navarro Roberto Felipe<\/td><\/tr><tr><td>Villar Molina\n  Gianella Isabel<\/td><\/tr><tr><td>Villarroel\n  Navarro Marcela Stefanny<\/td><\/tr><tr><td>Villavicencio\n  Martinez Catalina Francisca<\/td><\/tr><tr><td>Zapata Salas\n  Fresia Zulema<\/td><\/tr><tr><td>Zapata\n  Valenzuela Javier Ignacio<\/td><\/tr><\/tbody><\/table><\/figure>\n\n\n\n<p><strong>El Beneficio se deposita a la Cuenta Rut o Indicada en la Postulaci\u00f3n<\/strong><\/p>\n\n\n\n<div id=\"fb-root\"><\/div>\n<script async defer crossorigin=\"anonymous\" src=\"https:\/\/connect.facebook.net\/es_ES\/sdk.js#xfbml=1&#038;version=v7.0&#038;appId=274719199613326&#038;autoLogAppEvents=1\" nonce=\"8GbtgVij\"><\/script>\n<div class=\"fb-like\" data-href=\"https:\/\/web.molina.cl\/?page_id=40094\" data-width=\"\" data-layout=\"standard\" data-action=\"like\" data-size=\"small\" data-share=\"true\"><\/div>\n","protected":false},"excerpt":{"rendered":"<p>El Beneficio se deposita a la Cuenta Rut o Indicada en la Postulaci\u00f3n Nombre Completo Acu\u00f1a Acu\u00f1a Maite Catalina Aguilar Mej\u00edas Claudia Alejandra Aguilera Mu\u00f1oz Vicente Javier Aguilera Navarro Bel\u00e9n Elissette Alarc\u00f3n Catal\u00e1n P\u00eda Contanza Almonacid Navarrete Andr\u00e9s Sebasti\u00e1n \u00c1lvarez Aguilera Valentina Loreto Ampuero Salas Yanina Valentina Ant\u00fanez Saavedra Brian Alejandro Aravena Mart\u00ednez Claudia Andrea [&hellip;]<\/p>\n","protected":false},"author":1,"featured_media":40106,"parent":0,"menu_order":0,"comment_status":"closed","ping_status":"closed","template":"","meta":{"footnotes":""},"_links":{"self":[{"href":"https:\/\/web.molina.cl\/index.php?rest_route=\/wp\/v2\/pages\/40094"}],"collection":[{"href":"https:\/\/web.molina.cl\/index.php?rest_route=\/wp\/v2\/pages"}],"about":[{"href":"https:\/\/web.molina.cl\/index.php?rest_route=\/wp\/v2\/types\/page"}],"author":[{"embeddable":true,"href":"https:\/\/web.molina.cl\/index.php?rest_route=\/wp\/v2\/users\/1"}],"replies":[{"embeddable":true,"href":"https:\/\/web.molina.cl\/index.php?rest_route=%2Fwp%2Fv2%2Fcomments&post=40094"}],"version-history":[{"count":5,"href":"https:\/\/web.molina.cl\/index.php?rest_route=\/wp\/v2\/pages\/40094\/revisions"}],"predecessor-version":[{"id":40104,"href":"https:\/\/web.molina.cl\/index.php?rest_route=\/wp\/v2\/pages\/40094\/revisions\/40104"}],"wp:featuredmedia":[{"embeddable":true,"href":"https:\/\/web.molina.cl\/index.php?rest_route=\/wp\/v2\/media\/40106"}],"wp:attachment":[{"href":"https:\/\/web.molina.cl\/index.php?rest_route=%2Fwp%2Fv2%2Fmedia&parent=40094"}],"curies":[{"name":"wp","href":"https:\/\/api.w.org\/{rel}","templated":true}]}}