{"id":37301,"date":"2019-12-03T11:17:05","date_gmt":"2019-12-03T14:17:05","guid":{"rendered":"https:\/\/web.molina.cl\/?page_id=37301"},"modified":"2019-12-03T11:17:05","modified_gmt":"2019-12-03T14:17:05","slug":"inscripcion-a-voluntariado-consulta-ciudadana-molina-diciembre-2019","status":"publish","type":"page","link":"https:\/\/web.molina.cl\/?page_id=37301","title":{"rendered":"Inscripci\u00f3n a Voluntariado Consulta Ciudadana Molina Diciembre 2019"},"content":{"rendered":"<p>El d\u00eda 9 de diciembre del presente a\u00f1o se realizar\u00e1 capacitaci\u00f3n para las personas inscritas o las que deseen tener m\u00e1s informaci\u00f3n al respecto.<br \/>\nLugar: Teatro Municipal de Molina Hora: 20:00 Horas.<br \/>\n<iframe loading=\"lazy\" src=\"https:\/\/docs.google.com\/forms\/d\/e\/1FAIpQLScmvrxrDnVyd2XvIER2kCDYDOXfTZitcFJTWXNNKJIufyHaXw\/viewform?embedded=true\" width=\"720\" height=\"1400\" frameborder=\"0\" marginwidth=\"0\" marginheight=\"0\">Cargando\u2026<\/iframe><\/p>\n<div class=\"fb-like\" data-href=\"https:\/\/web.molina.cl\/?page_id=37301\" data-layout=\"box_count\" data-action=\"like\" data-show-faces=\"true\" data-share=\"true\"><\/div>\n","protected":false},"excerpt":{"rendered":"<p>El d\u00eda 9 de diciembre del presente a\u00f1o se realizar\u00e1 capacitaci\u00f3n para las personas inscritas o las que deseen tener m\u00e1s informaci\u00f3n al respecto. Lugar: Teatro Municipal de Molina Hora: 20:00 Horas. Cargando\u2026<\/p>\n","protected":false},"author":1,"featured_media":37331,"parent":0,"menu_order":0,"comment_status":"closed","ping_status":"closed","template":"","meta":{"footnotes":""},"_links":{"self":[{"href":"https:\/\/web.molina.cl\/index.php?rest_route=\/wp\/v2\/pages\/37301"}],"collection":[{"href":"https:\/\/web.molina.cl\/index.php?rest_route=\/wp\/v2\/pages"}],"about":[{"href":"https:\/\/web.molina.cl\/index.php?rest_route=\/wp\/v2\/types\/page"}],"author":[{"embeddable":true,"href":"https:\/\/web.molina.cl\/index.php?rest_route=\/wp\/v2\/users\/1"}],"replies":[{"embeddable":true,"href":"https:\/\/web.molina.cl\/index.php?rest_route=%2Fwp%2Fv2%2Fcomments&post=37301"}],"version-history":[{"count":0,"href":"https:\/\/web.molina.cl\/index.php?rest_route=\/wp\/v2\/pages\/37301\/revisions"}],"wp:featuredmedia":[{"embeddable":true,"href":"https:\/\/web.molina.cl\/index.php?rest_route=\/"}],"wp:attachment":[{"href":"https:\/\/web.molina.cl\/index.php?rest_route=%2Fwp%2Fv2%2Fmedia&parent=37301"}],"curies":[{"name":"wp","href":"https:\/\/api.w.org\/{rel}","templated":true}]}}