{"id":30261,"date":"2018-11-27T17:01:10","date_gmt":"2018-11-27T20:01:10","guid":{"rendered":"https:\/\/web.molina.cl\/?page_id=30261"},"modified":"2022-08-02T12:25:34","modified_gmt":"2022-08-02T16:25:34","slug":"oficina-de-impuesto-territorial-municipal-o-i-t-m","status":"publish","type":"page","link":"https:\/\/web.molina.cl\/?page_id=30261","title":{"rendered":"Oficina De Impuesto Territorial Municipal (O.I.T.M.)"},"content":{"rendered":"<p style=\"text-align: justify;\">La Oficina de Impuesto Territorial Municipal (O.I.T.M.) de Molina, es un convenio entre el Servicio de Impuestos Internos (SII) y la Municipalidad de Molina, dedicada a la actualizaci\u00f3n del catastro de bienes ra\u00edces de la comuna de Molina y en la que adem\u00e1s el contribuyente puede efectuar varios tr\u00e1mites, relacionados con los bienes ra\u00edces emplazados en la comuna de Molina. La oficina cuenta con personal capacitado para la atenci\u00f3n de los contribuyentes, siendo su coordinador el <strong>Sr. Cristobal Morris Morris<\/strong>, t\u00e9cnico avaluaciones, funcionario del SII.<\/p>\n<p><strong>Tr\u00e1mites que puede realizar el contribuyente (S\u00d3LO para bienes ra\u00edces de la comuna de Molina):<\/strong><br>\n\u2022 Presentar Solicitudes de Modificaci\u00f3n al Catastro de Bienes Ra\u00edces.<br>\n\u2022 Solicitar cambio de nombre y\/o RUT del propietario.<br>\n\u2022 Solicitar el env\u00edo de la informaci\u00f3n del SII a un domicilio postal.<br>\n\u2022 Solicitar revisi\u00f3n de los datos de terreno o suelo.<br>\n\u2022 Solicitar revisi\u00f3n de los datos de construcci\u00f3n.<br>\n\u2022 Solicitar la tasaci\u00f3n de una obra nueva y\/o ampliaci\u00f3n.<br>\n\u2022 Solicitar modificaci\u00f3n de aval\u00fao por demoliciones o siniestros en el bien ra\u00edz.<br>\n\u2022 Solicitar la inclusi\u00f3n de un bien ra\u00edz.<br>\n\u2022 Solicitar la divisi\u00f3n de un bien ra\u00edz.<br>\n\u2022 Solicitar la fusi\u00f3n de bienes ra\u00edces.<br>\n\u2022 Solicitar la eliminaci\u00f3n de un bien ra\u00edz.<br>\n\u2022 Solicitar la exenci\u00f3n del pago de contribuciones.<br>\n\u2022 Solicitar cambio de destino del bien ra\u00edz.<br>\n\u2022 Solicitar la modificaci\u00f3n de vigencia de la tasaci\u00f3n.<br>\n\u2022 Solicitar cambio de serie del bien ra\u00edz.<\/p>\n<p><strong>Obtener Antecedentes Previos (Ley de Copropiedad Inmobiliaria) para los c\u00e1lculos de declaraci\u00f3n de Aval\u00fao Fiscal<\/strong><br>\n\u2022 Solicitar Asignaci\u00f3n de N\u00famero de Rol de Aval\u00fao, para proyectos de subdivisi\u00f3n.<br>\n\u2022 Obtener Certificados de Aval\u00fao de los bienes ra\u00edces de la comuna (Simple, Detallado, Deflactado).<br>\n\u2022 Obtener el formulario de pago de contribuciones de un bien ra\u00edz, s\u00f3lo para la comuna de Molina.<\/p>\n<p><strong>Datos de contacto<\/strong><br>\nTel\u00e9fono de contacto: 75-2577352<br>\nCorreo electr\u00f3nico: oitm@molina.cl<br>\nDirecci\u00f3n: Yerbas Buenas 1389. Molina (a un costado del teatro municipal).<\/p>\n<p><strong>Horario de atenci\u00f3n: <\/strong><br>\nLunes a Viernes: 08:20 &#8211; 14:00 horas.<\/p>\n<p>Se\u00f1or contribuyente si desea puede acceder a Tr\u00e1mites en L\u00ednea <a href=\"https:\/\/zeusr.sii.cl\/\/AUT2000\/InicioAutenticacion\/IngresoRutClave.html?https:\/\/misiir.sii.cl\/cgi_misii\/siihome.cgi\">Aqu\u00ed<\/a><\/p>\n<p>&nbsp;<\/p>\n<div class=\"fb-like\" data-href=\"https:\/\/web.molina.cl\/?page_id=30261\" data-layout=\"box_count\" data-action=\"like\" data-show-faces=\"true\" data-share=\"true\"><\/div>\n\n\n<div class=\"wp-block-group\"><div class=\"wp-block-group__inner-container is-layout-flow wp-block-group-is-layout-flow\">\n<div class=\"wp-block-file\"><a href=\"https:\/\/web.molina.cl\/wp-content\/uploads\/2022\/04\/Reavaluo-Predios-No-Agricolas-2022.pdf\">ROL de aval\u00fao y contribuciones Bienes Ra\u00edces no Agr\u00edcolas 2022<\/a><a href=\"https:\/\/web.molina.cl\/wp-content\/uploads\/2022\/04\/Reavaluo-Predios-No-Agricolas-2022.pdf\" class=\"wp-block-file__button\" download>Descargar<\/a><\/div>\n\n\n\n<figure class=\"wp-block-image size-large td-caption-align-https:\/\/web.molina.cl\/wp-content\/uploads\/2021\/12\/triptico-oitm1-1-scaled.jpg\"><img loading=\"lazy\" decoding=\"async\" width=\"1024\" height=\"796\" src=\"https:\/\/web.molina.cl\/wp-content\/uploads\/2021\/12\/triptico-oitm1-1-1024x796.jpg\" alt=\"\" class=\"wp-image-48497\" srcset=\"https:\/\/web.molina.cl\/wp-content\/uploads\/2021\/12\/triptico-oitm1-1-1024x796.jpg 1024w, https:\/\/web.molina.cl\/wp-content\/uploads\/2021\/12\/triptico-oitm1-1-300x233.jpg 300w, https:\/\/web.molina.cl\/wp-content\/uploads\/2021\/12\/triptico-oitm1-1-768x597.jpg 768w, https:\/\/web.molina.cl\/wp-content\/uploads\/2021\/12\/triptico-oitm1-1-1536x1195.jpg 1536w, https:\/\/web.molina.cl\/wp-content\/uploads\/2021\/12\/triptico-oitm1-1-2048x1593.jpg 2048w, https:\/\/web.molina.cl\/wp-content\/uploads\/2021\/12\/triptico-oitm1-1-696x541.jpg 696w, https:\/\/web.molina.cl\/wp-content\/uploads\/2021\/12\/triptico-oitm1-1-1068x831.jpg 1068w, https:\/\/web.molina.cl\/wp-content\/uploads\/2021\/12\/triptico-oitm1-1-1920x1493.jpg 1920w, https:\/\/web.molina.cl\/wp-content\/uploads\/2021\/12\/triptico-oitm1-1-540x420.jpg 540w\" sizes=\"(max-width: 1024px) 100vw, 1024px\" \/><\/figure>\n\n\n\n<p><\/p>\n<\/div><\/div>\n\n\n\n<figure class=\"wp-block-image size-large td-caption-align-https:\/\/web.molina.cl\/wp-content\/uploads\/2021\/12\/triptico-oitm2-scaled.jpg\"><img loading=\"lazy\" decoding=\"async\" width=\"1024\" height=\"796\" src=\"https:\/\/web.molina.cl\/wp-content\/uploads\/2021\/12\/triptico-oitm2-1024x796.jpg\" alt=\"\" class=\"wp-image-48490\" srcset=\"https:\/\/web.molina.cl\/wp-content\/uploads\/2021\/12\/triptico-oitm2-1024x796.jpg 1024w, https:\/\/web.molina.cl\/wp-content\/uploads\/2021\/12\/triptico-oitm2-300x233.jpg 300w, https:\/\/web.molina.cl\/wp-content\/uploads\/2021\/12\/triptico-oitm2-768x597.jpg 768w, https:\/\/web.molina.cl\/wp-content\/uploads\/2021\/12\/triptico-oitm2-1536x1195.jpg 1536w, https:\/\/web.molina.cl\/wp-content\/uploads\/2021\/12\/triptico-oitm2-2048x1593.jpg 2048w, https:\/\/web.molina.cl\/wp-content\/uploads\/2021\/12\/triptico-oitm2-696x541.jpg 696w, https:\/\/web.molina.cl\/wp-content\/uploads\/2021\/12\/triptico-oitm2-1068x831.jpg 1068w, https:\/\/web.molina.cl\/wp-content\/uploads\/2021\/12\/triptico-oitm2-1920x1493.jpg 1920w, https:\/\/web.molina.cl\/wp-content\/uploads\/2021\/12\/triptico-oitm2-540x420.jpg 540w\" sizes=\"(max-width: 1024px) 100vw, 1024px\" \/><\/figure>\n","protected":false},"excerpt":{"rendered":"<p>La Oficina de Impuesto Territorial Municipal (O.I.T.M.) de Molina, es un convenio entre el Servicio de Impuestos Internos (SII) y la Municipalidad de Molina, dedicada a la actualizaci\u00f3n del catastro de bienes ra\u00edces de la comuna de Molina y en la que adem\u00e1s el contribuyente puede efectuar varios tr\u00e1mites, relacionados con los bienes ra\u00edces emplazados [&hellip;]<\/p>\n","protected":false},"author":1,"featured_media":30340,"parent":0,"menu_order":0,"comment_status":"closed","ping_status":"closed","template":"","meta":{"footnotes":""},"_links":{"self":[{"href":"https:\/\/web.molina.cl\/index.php?rest_route=\/wp\/v2\/pages\/30261"}],"collection":[{"href":"https:\/\/web.molina.cl\/index.php?rest_route=\/wp\/v2\/pages"}],"about":[{"href":"https:\/\/web.molina.cl\/index.php?rest_route=\/wp\/v2\/types\/page"}],"author":[{"embeddable":true,"href":"https:\/\/web.molina.cl\/index.php?rest_route=\/wp\/v2\/users\/1"}],"replies":[{"embeddable":true,"href":"https:\/\/web.molina.cl\/index.php?rest_route=%2Fwp%2Fv2%2Fcomments&post=30261"}],"version-history":[{"count":9,"href":"https:\/\/web.molina.cl\/index.php?rest_route=\/wp\/v2\/pages\/30261\/revisions"}],"predecessor-version":[{"id":52407,"href":"https:\/\/web.molina.cl\/index.php?rest_route=\/wp\/v2\/pages\/30261\/revisions\/52407"}],"wp:featuredmedia":[{"embeddable":true,"href":"https:\/\/web.molina.cl\/index.php?rest_route=\/"}],"wp:attachment":[{"href":"https:\/\/web.molina.cl\/index.php?rest_route=%2Fwp%2Fv2%2Fmedia&parent=30261"}],"curies":[{"name":"wp","href":"https:\/\/api.w.org\/{rel}","templated":true}]}}