{"id":30128,"date":"2018-11-16T11:38:47","date_gmt":"2018-11-16T14:38:47","guid":{"rendered":"https:\/\/web.molina.cl\/?page_id=30128"},"modified":"2018-11-16T11:38:47","modified_gmt":"2018-11-16T14:38:47","slug":"no-avicola-en-molina","status":"publish","type":"page","link":"https:\/\/web.molina.cl\/?page_id=30128","title":{"rendered":"No Av\u00edcola en Molina"},"content":{"rendered":"<h4>Informaci\u00f3n completa sobre el proyecto N\u00facleo Agricovial<\/h4>\n<p><a href=\"http:\/\/seia.sea.gob.cl\/documentos\/documento.php?idDocumento=2141485281\"><img loading=\"lazy\" decoding=\"async\" class=\"alignnone size-full wp-image-1946\" src=\"https:\/\/web.molina.cl\/wp-content\/uploads\/2015\/07\/pdf-icon-32x32.png\" alt=\"pdf-icon-32x32\" width=\"38\" height=\"32\" border=\"0\" \/><\/a><a href=\"http:\/\/seia.sea.gob.cl\/documentos\/documento.php?idDocumento=2141485281\">Informaci\u00f3n Publicada en Servicio de Evaluaci\u00f3n Ambiental<\/a><\/p>\n<h4>Justificaci\u00f3n de la empresa N\u00facleo Agricovial para NO PRESENTAR ESTUDIO DE EVALUACI\u00d3N AMBIENTAL<\/h4>\n<p><a href=\"http:\/\/seia.sea.gob.cl\/archivos\/2018\/09\/28\/Cap._3._Antecedentes_que_justifiquen_la_inexistencia_de_aquellos_efectos_.pdf\"><img loading=\"lazy\" decoding=\"async\" class=\"alignnone size-full wp-image-1946\" src=\"https:\/\/web.molina.cl\/wp-content\/uploads\/2015\/07\/pdf-icon-32x32.png\" alt=\"pdf-icon-32x32\" width=\"38\" height=\"32\" border=\"0\" \/><\/a><a href=\"http:\/\/seia.sea.gob.cl\/archivos\/2018\/09\/28\/Cap._3._Antecedentes_que_justifiquen_la_inexistencia_de_aquellos_efectos_.pdf\">Explicaci\u00f3n de los efectos sobre el entorno y distribuci\u00f3n de olores<\/a><\/p>\n<div class=\"fb-video\" data-href=\"https:\/\/www.facebook.com\/municipalidadmolina\/videos\/2108766349144609\/\" data-width=\"700\"><\/div>\n<p>&nbsp;<\/p>\n<p><img decoding=\"async\" src=\"https:\/\/web.molina.cl\/wp-content\/uploads\/2018\/11\/participacion-ciudadana-noavicola.jpg\" width=\"100%\"><\/p>\n<p>&nbsp;<\/p>\n<p>&nbsp;<\/p>\n<div class=\"fb-like\" data-href=\"https:\/\/web.molina.cl\/?page_id=30128\" data-layout=\"box_count\" data-action=\"like\" data-show-faces=\"true\" data-share=\"true\"><\/div>\n<p>&nbsp;<\/p>\n","protected":false},"excerpt":{"rendered":"<p>Informaci\u00f3n completa sobre el proyecto N\u00facleo Agricovial Informaci\u00f3n Publicada en Servicio de Evaluaci\u00f3n Ambiental Justificaci\u00f3n de la empresa N\u00facleo Agricovial para NO PRESENTAR ESTUDIO DE EVALUACI\u00d3N AMBIENTAL Explicaci\u00f3n de los efectos sobre el entorno y distribuci\u00f3n de olores &nbsp; &nbsp; &nbsp; &nbsp;<\/p>\n","protected":false},"author":1,"featured_media":30126,"parent":0,"menu_order":0,"comment_status":"closed","ping_status":"closed","template":"","meta":{"footnotes":""},"_links":{"self":[{"href":"https:\/\/web.molina.cl\/index.php?rest_route=\/wp\/v2\/pages\/30128"}],"collection":[{"href":"https:\/\/web.molina.cl\/index.php?rest_route=\/wp\/v2\/pages"}],"about":[{"href":"https:\/\/web.molina.cl\/index.php?rest_route=\/wp\/v2\/types\/page"}],"author":[{"embeddable":true,"href":"https:\/\/web.molina.cl\/index.php?rest_route=\/wp\/v2\/users\/1"}],"replies":[{"embeddable":true,"href":"https:\/\/web.molina.cl\/index.php?rest_route=%2Fwp%2Fv2%2Fcomments&post=30128"}],"version-history":[{"count":0,"href":"https:\/\/web.molina.cl\/index.php?rest_route=\/wp\/v2\/pages\/30128\/revisions"}],"wp:featuredmedia":[{"embeddable":true,"href":"https:\/\/web.molina.cl\/index.php?rest_route=\/"}],"wp:attachment":[{"href":"https:\/\/web.molina.cl\/index.php?rest_route=%2Fwp%2Fv2%2Fmedia&parent=30128"}],"curies":[{"name":"wp","href":"https:\/\/api.w.org\/{rel}","templated":true}]}}