{"id":201,"date":"2015-03-30T14:12:18","date_gmt":"2015-03-30T14:12:18","guid":{"rendered":"http:\/\/localhost\/molina\/?page_id=201"},"modified":"2025-10-17T10:01:06","modified_gmt":"2025-10-17T14:01:06","slug":"secretaria-comunal-de-planificacion","status":"publish","type":"page","link":"https:\/\/web.molina.cl\/?page_id=201","title":{"rendered":"Secretar\u00eda Comunal de Planificaci\u00f3n"},"content":{"rendered":"<p>La <strong>Secretar\u00eda Comunal de Planificaci\u00f3n (SECPLAN)<\/strong>, desempe\u00f1a funciones de asesor\u00eda del alcalde y del Concejo Municipal, en materias de estudios y evaluaci\u00f3n propias de las competencias de ambos \u00f3rganos municipales. Tambi\u00e9n es la encargada de formular e instrumentalizar la estrategia municipal, en relaci\u00f3n a las pol\u00edticas, planes, programas y proyectos de desarrollo de la comuna.<\/p>\n<p style=\"text-align: justify;\">SECPLAN participa directamente en\u00a0la planificaci\u00f3n del Desarrollo Urbano.<\/p>\n<p><img loading=\"lazy\" decoding=\"async\" class=\"alignnone size-medium wp-image-76890\" src=\"https:\/\/web.molina.cl\/wp-content\/uploads\/2025\/10\/Sergio-Celis-300x225.jpg\" alt=\"\" width=\"300\" height=\"225\" srcset=\"https:\/\/web.molina.cl\/wp-content\/uploads\/2025\/10\/Sergio-Celis-300x225.jpg 300w, https:\/\/web.molina.cl\/wp-content\/uploads\/2025\/10\/Sergio-Celis-1024x769.jpg 1024w, https:\/\/web.molina.cl\/wp-content\/uploads\/2025\/10\/Sergio-Celis-768x577.jpg 768w, https:\/\/web.molina.cl\/wp-content\/uploads\/2025\/10\/Sergio-Celis-1536x1153.jpg 1536w, https:\/\/web.molina.cl\/wp-content\/uploads\/2025\/10\/Sergio-Celis-2048x1538.jpg 2048w, https:\/\/web.molina.cl\/wp-content\/uploads\/2025\/10\/Sergio-Celis-559x420.jpg 559w, https:\/\/web.molina.cl\/wp-content\/uploads\/2025\/10\/Sergio-Celis-80x60.jpg 80w, https:\/\/web.molina.cl\/wp-content\/uploads\/2025\/10\/Sergio-Celis-696x523.jpg 696w, https:\/\/web.molina.cl\/wp-content\/uploads\/2025\/10\/Sergio-Celis-1068x802.jpg 1068w, https:\/\/web.molina.cl\/wp-content\/uploads\/2025\/10\/Sergio-Celis-1920x1441.jpg 1920w, https:\/\/web.molina.cl\/wp-content\/uploads\/2025\/10\/Sergio-Celis-265x198.jpg 265w\" sizes=\"(max-width: 300px) 100vw, 300px\" \/><\/p>\n<p>Sr. Sergio Celis Gonz\u00e1lez<\/p>\n<p>scelis@molina.cl<\/p>\n<p>(075) 2 760 707<\/p>\n\n\n<p><\/p>\n","protected":false},"excerpt":{"rendered":"<p>La Secretar\u00eda Comunal de Planificaci\u00f3n (SECPLAN), desempe\u00f1a funciones de asesor\u00eda del alcalde y del Concejo Municipal, en materias de estudios y evaluaci\u00f3n propias de las competencias de ambos \u00f3rganos municipales. Tambi\u00e9n es la encargada de formular e instrumentalizar la estrategia municipal, en relaci\u00f3n a las pol\u00edticas, planes, programas y proyectos de desarrollo de la comuna. [&hellip;]<\/p>\n","protected":false},"author":1,"featured_media":0,"parent":220,"menu_order":0,"comment_status":"closed","ping_status":"closed","template":"","meta":{"footnotes":""},"_links":{"self":[{"href":"https:\/\/web.molina.cl\/index.php?rest_route=\/wp\/v2\/pages\/201"}],"collection":[{"href":"https:\/\/web.molina.cl\/index.php?rest_route=\/wp\/v2\/pages"}],"about":[{"href":"https:\/\/web.molina.cl\/index.php?rest_route=\/wp\/v2\/types\/page"}],"author":[{"embeddable":true,"href":"https:\/\/web.molina.cl\/index.php?rest_route=\/wp\/v2\/users\/1"}],"replies":[{"embeddable":true,"href":"https:\/\/web.molina.cl\/index.php?rest_route=%2Fwp%2Fv2%2Fcomments&post=201"}],"version-history":[{"count":14,"href":"https:\/\/web.molina.cl\/index.php?rest_route=\/wp\/v2\/pages\/201\/revisions"}],"predecessor-version":[{"id":76891,"href":"https:\/\/web.molina.cl\/index.php?rest_route=\/wp\/v2\/pages\/201\/revisions\/76891"}],"up":[{"embeddable":true,"href":"https:\/\/web.molina.cl\/index.php?rest_route=\/wp\/v2\/pages\/220"}],"wp:attachment":[{"href":"https:\/\/web.molina.cl\/index.php?rest_route=%2Fwp%2Fv2%2Fmedia&parent=201"}],"curies":[{"name":"wp","href":"https:\/\/api.w.org\/{rel}","templated":true}]}}