{"id":192,"date":"2015-03-30T14:00:57","date_gmt":"2015-03-30T14:00:57","guid":{"rendered":"http:\/\/localhost\/molina\/?page_id=192"},"modified":"2025-10-06T10:17:26","modified_gmt":"2025-10-06T14:17:26","slug":"secretaria-municipal","status":"publish","type":"page","link":"https:\/\/web.molina.cl\/?page_id=192","title":{"rendered":"Secretar\u00eda Municipal"},"content":{"rendered":"<p>La <strong>Secretar\u00eda Municipal<\/strong> depende directamente del Alcalde y est\u00e1 a cargo de un Secretario Municipal, cuyas funciones principales ser\u00e1n dirigir las actividades de secretar\u00eda administrativa del Alcalde y del Concejo Municipal.<\/p>\n<p><img loading=\"lazy\" decoding=\"async\" class=\"alignnone size-medium wp-image-70263\" src=\"https:\/\/web.molina.cl\/wp-content\/uploads\/2025\/01\/06-11-300x200.png\" alt=\"\" width=\"300\" height=\"200\" srcset=\"https:\/\/web.molina.cl\/wp-content\/uploads\/2025\/01\/06-11-300x200.png 300w, https:\/\/web.molina.cl\/wp-content\/uploads\/2025\/01\/06-11-1024x682.png 1024w, https:\/\/web.molina.cl\/wp-content\/uploads\/2025\/01\/06-11-768x511.png 768w, https:\/\/web.molina.cl\/wp-content\/uploads\/2025\/01\/06-11-1536x1023.png 1536w, https:\/\/web.molina.cl\/wp-content\/uploads\/2025\/01\/06-11-631x420.png 631w, https:\/\/web.molina.cl\/wp-content\/uploads\/2025\/01\/06-11-696x463.png 696w, https:\/\/web.molina.cl\/wp-content\/uploads\/2025\/01\/06-11-1068x711.png 1068w, https:\/\/web.molina.cl\/wp-content\/uploads\/2025\/01\/06-11.png 1622w\" sizes=\"(max-width: 300px) 100vw, 300px\" \/><\/p>\n<p><strong>Karina Mart\u00ednez Fern\u00e1ndez\u00a0<\/strong><\/p>\n<p>(075) 2 760 736<\/p>\n<p>Correo: <a href=\"mailto:kmartinez@molina.cl\">kmartinez@molina.cl<\/a><\/p>\n<p>Profesi\u00f3n: Abogada<\/p>\n","protected":false},"excerpt":{"rendered":"<p>La Secretar\u00eda Municipal depende directamente del Alcalde y est\u00e1 a cargo de un Secretario Municipal, cuyas funciones principales ser\u00e1n dirigir las actividades de secretar\u00eda administrativa del Alcalde y del Concejo Municipal. Karina Mart\u00ednez Fern\u00e1ndez\u00a0 (075) 2 760 736 Correo: kmartinez@molina.cl Profesi\u00f3n: Abogada<\/p>\n","protected":false},"author":1,"featured_media":0,"parent":220,"menu_order":0,"comment_status":"closed","ping_status":"closed","template":"","meta":{"footnotes":""},"_links":{"self":[{"href":"https:\/\/web.molina.cl\/index.php?rest_route=\/wp\/v2\/pages\/192"}],"collection":[{"href":"https:\/\/web.molina.cl\/index.php?rest_route=\/wp\/v2\/pages"}],"about":[{"href":"https:\/\/web.molina.cl\/index.php?rest_route=\/wp\/v2\/types\/page"}],"author":[{"embeddable":true,"href":"https:\/\/web.molina.cl\/index.php?rest_route=\/wp\/v2\/users\/1"}],"replies":[{"embeddable":true,"href":"https:\/\/web.molina.cl\/index.php?rest_route=%2Fwp%2Fv2%2Fcomments&post=192"}],"version-history":[{"count":11,"href":"https:\/\/web.molina.cl\/index.php?rest_route=\/wp\/v2\/pages\/192\/revisions"}],"predecessor-version":[{"id":76494,"href":"https:\/\/web.molina.cl\/index.php?rest_route=\/wp\/v2\/pages\/192\/revisions\/76494"}],"up":[{"embeddable":true,"href":"https:\/\/web.molina.cl\/index.php?rest_route=\/wp\/v2\/pages\/220"}],"wp:attachment":[{"href":"https:\/\/web.molina.cl\/index.php?rest_route=%2Fwp%2Fv2%2Fmedia&parent=192"}],"curies":[{"name":"wp","href":"https:\/\/api.w.org\/{rel}","templated":true}]}}