{"id":187,"date":"2015-03-30T13:51:21","date_gmt":"2015-03-30T13:51:21","guid":{"rendered":"http:\/\/localhost\/molina\/?page_id=187"},"modified":"2025-05-29T15:12:05","modified_gmt":"2025-05-29T19:12:05","slug":"departamento-de-educacion","status":"publish","type":"page","link":"https:\/\/web.molina.cl\/?page_id=187","title":{"rendered":"Direcci\u00f3n Comunal de Educaci\u00f3n"},"content":{"rendered":"<div class=\"avia_textblock\">\n<p style=\"text-align: justify;\">El\u00a0<strong>Departamento de Administraci\u00f3n Educacional Municipal (DAEM)<\/strong> est\u00e1 integrado a la estructura de la Ilustre Municipalidad de Molina, en donde el Jefe Comunal de Educaci\u00f3n es el responsable directo de la administraci\u00f3n de la educaci\u00f3n p\u00fablica ante el alcalde, el Ministerio de Educaci\u00f3n y dem\u00e1s organismos estatales, lo que adem\u00e1s incluye la responsabilidad de ser Sostenedor de la Educaci\u00f3n.<\/p>\n<p style=\"text-align: justify;\">El\u00a0<strong>DAEM<\/strong>\u00a0siempre debe dar respuesta a las diversas dimensiones y programas de la gesti\u00f3n escolar, conforme lo disponen las actuales pol\u00edticas educacionales en el modelo de gesti\u00f3n escolar de calidad: liderazgo, convivencia y necesidades de los estudiantes, gesti\u00f3n curricular, recursos y resultados de aprendizaje.<\/p>\n<p style=\"text-align: justify;\">La<strong>\u00a0gesti\u00f3n DAEM,<\/strong>\u00a0permanentemente se ha ido diversificando, ampliando en complejidad y cuant\u00eda de acciones. Por lo tanto, los procesos de reforma y las nuevas pol\u00edticas educacionales dan a conocer un nuevo desaf\u00edo: la gesti\u00f3n institucional de calidad con un rol activo en el liderazgo pedag\u00f3gico y la gesti\u00f3n curricular, con un compromiso expl\u00edcito con los resultados de los aprendizajes generados en el sistema.<\/p>\n<\/div>\n<div class=\"tabcontainer  top_tab   avia-builder-el-3  el_after_av_textblock \" style=\"text-align: justify;\"><img loading=\"lazy\" decoding=\"async\" class=\"alignnone size-medium wp-image-70681\" src=\"https:\/\/web.molina.cl\/wp-content\/uploads\/2025\/01\/Jaime-Uribe-Diaz-300x225.jpg\" alt=\"\" width=\"300\" height=\"225\" srcset=\"https:\/\/web.molina.cl\/wp-content\/uploads\/2025\/01\/Jaime-Uribe-Diaz-300x225.jpg 300w, https:\/\/web.molina.cl\/wp-content\/uploads\/2025\/01\/Jaime-Uribe-Diaz-1024x767.jpg 1024w, https:\/\/web.molina.cl\/wp-content\/uploads\/2025\/01\/Jaime-Uribe-Diaz-768x575.jpg 768w, https:\/\/web.molina.cl\/wp-content\/uploads\/2025\/01\/Jaime-Uribe-Diaz-1536x1151.jpg 1536w, https:\/\/web.molina.cl\/wp-content\/uploads\/2025\/01\/Jaime-Uribe-Diaz-2048x1534.jpg 2048w, https:\/\/web.molina.cl\/wp-content\/uploads\/2025\/01\/Jaime-Uribe-Diaz-561x420.jpg 561w, https:\/\/web.molina.cl\/wp-content\/uploads\/2025\/01\/Jaime-Uribe-Diaz-80x60.jpg 80w, https:\/\/web.molina.cl\/wp-content\/uploads\/2025\/01\/Jaime-Uribe-Diaz-696x521.jpg 696w, https:\/\/web.molina.cl\/wp-content\/uploads\/2025\/01\/Jaime-Uribe-Diaz-1068x800.jpg 1068w, https:\/\/web.molina.cl\/wp-content\/uploads\/2025\/01\/Jaime-Uribe-Diaz-1920x1438.jpg 1920w, https:\/\/web.molina.cl\/wp-content\/uploads\/2025\/01\/Jaime-Uribe-Diaz-265x198.jpg 265w\" sizes=\"(max-width: 300px) 100vw, 300px\" \/><\/div>\n<p><strong>Jaime Uribe D\u00edaz &#8211; Director\u00a0<\/strong><\/p>\n<p>(075) 2\u00a0558122<\/p>\n<p>Correo: juribe@daemmolina.cl<\/p>\n\n\n<div><a href=\"https:\/\/web.molina.cl\/wp-content\/uploads\/2021\/08\/telefonos-daem-2-997x1024.jpg\" class=\"td-modal-image\"><figure class=\"wp-block-image size-large td-caption-align-https:\/\/web.molina.cl\/wp-content\/uploads\/2021\/08\/telefonos-daem-2.jpg\"><img loading=\"lazy\" decoding=\"async\" width=\"997\" height=\"1024\" src=\"https:\/\/web.molina.cl\/wp-content\/uploads\/2021\/08\/telefonos-daem-2-997x1024.jpg\" alt=\"\" class=\"wp-image-46123\" srcset=\"https:\/\/web.molina.cl\/wp-content\/uploads\/2021\/08\/telefonos-daem-2-997x1024.jpg 997w, https:\/\/web.molina.cl\/wp-content\/uploads\/2021\/08\/telefonos-daem-2-292x300.jpg 292w, https:\/\/web.molina.cl\/wp-content\/uploads\/2021\/08\/telefonos-daem-2-768x789.jpg 768w, https:\/\/web.molina.cl\/wp-content\/uploads\/2021\/08\/telefonos-daem-2-696x715.jpg 696w, https:\/\/web.molina.cl\/wp-content\/uploads\/2021\/08\/telefonos-daem-2-1068x1097.jpg 1068w, https:\/\/web.molina.cl\/wp-content\/uploads\/2021\/08\/telefonos-daem-2-409x420.jpg 409w, https:\/\/web.molina.cl\/wp-content\/uploads\/2021\/08\/telefonos-daem-2.jpg 1246w\" sizes=\"(max-width: 997px) 100vw, 997px\" \/><\/figure><\/a><\/div>\n\n\n\n<div><a href=\"https:\/\/web.molina.cl\/wp-content\/uploads\/2021\/08\/telefonos-daem-1024x968.jpg\" class=\"td-modal-image\"><figure class=\"wp-block-image size-large td-caption-align-https:\/\/web.molina.cl\/wp-content\/uploads\/2021\/08\/telefonos-daem.jpg\"><img loading=\"lazy\" decoding=\"async\" width=\"1024\" height=\"968\" src=\"https:\/\/web.molina.cl\/wp-content\/uploads\/2021\/08\/telefonos-daem-1024x968.jpg\" alt=\"\" class=\"wp-image-46124\" srcset=\"https:\/\/web.molina.cl\/wp-content\/uploads\/2021\/08\/telefonos-daem-1024x968.jpg 1024w, https:\/\/web.molina.cl\/wp-content\/uploads\/2021\/08\/telefonos-daem-300x284.jpg 300w, https:\/\/web.molina.cl\/wp-content\/uploads\/2021\/08\/telefonos-daem-768x726.jpg 768w, https:\/\/web.molina.cl\/wp-content\/uploads\/2021\/08\/telefonos-daem-696x658.jpg 696w, https:\/\/web.molina.cl\/wp-content\/uploads\/2021\/08\/telefonos-daem-1068x1010.jpg 1068w, https:\/\/web.molina.cl\/wp-content\/uploads\/2021\/08\/telefonos-daem-444x420.jpg 444w, https:\/\/web.molina.cl\/wp-content\/uploads\/2021\/08\/telefonos-daem.jpg 1280w\" sizes=\"(max-width: 1024px) 100vw, 1024px\" \/><\/figure><\/a><\/div>\n","protected":false},"excerpt":{"rendered":"<p>El\u00a0Departamento de Administraci\u00f3n Educacional Municipal (DAEM) est\u00e1 integrado a la estructura de la Ilustre Municipalidad de Molina, en donde el Jefe Comunal de Educaci\u00f3n es el responsable directo de la administraci\u00f3n de la educaci\u00f3n p\u00fablica ante el alcalde, el Ministerio de Educaci\u00f3n y dem\u00e1s organismos estatales, lo que adem\u00e1s incluye la responsabilidad de ser Sostenedor [&hellip;]<\/p>\n","protected":false},"author":1,"featured_media":0,"parent":220,"menu_order":0,"comment_status":"closed","ping_status":"closed","template":"","meta":{"footnotes":""},"_links":{"self":[{"href":"https:\/\/web.molina.cl\/index.php?rest_route=\/wp\/v2\/pages\/187"}],"collection":[{"href":"https:\/\/web.molina.cl\/index.php?rest_route=\/wp\/v2\/pages"}],"about":[{"href":"https:\/\/web.molina.cl\/index.php?rest_route=\/wp\/v2\/types\/page"}],"author":[{"embeddable":true,"href":"https:\/\/web.molina.cl\/index.php?rest_route=\/wp\/v2\/users\/1"}],"replies":[{"embeddable":true,"href":"https:\/\/web.molina.cl\/index.php?rest_route=%2Fwp%2Fv2%2Fcomments&post=187"}],"version-history":[{"count":8,"href":"https:\/\/web.molina.cl\/index.php?rest_route=\/wp\/v2\/pages\/187\/revisions"}],"predecessor-version":[{"id":73789,"href":"https:\/\/web.molina.cl\/index.php?rest_route=\/wp\/v2\/pages\/187\/revisions\/73789"}],"up":[{"embeddable":true,"href":"https:\/\/web.molina.cl\/index.php?rest_route=\/wp\/v2\/pages\/220"}],"wp:attachment":[{"href":"https:\/\/web.molina.cl\/index.php?rest_route=%2Fwp%2Fv2%2Fmedia&parent=187"}],"curies":[{"name":"wp","href":"https:\/\/api.w.org\/{rel}","templated":true}]}}