{"id":182,"date":"2015-03-30T13:43:04","date_gmt":"2015-03-30T13:43:04","guid":{"rendered":"http:\/\/localhost\/molina\/?page_id=182"},"modified":"2025-08-04T11:21:58","modified_gmt":"2025-08-04T15:21:58","slug":"departamento-de-salud","status":"publish","type":"page","link":"https:\/\/web.molina.cl\/?page_id=182","title":{"rendered":"Direcci\u00f3n Comunal de Salud"},"content":{"rendered":"\n<p>La&nbsp;Direcci\u00f3n Comunal de Salud&nbsp;tiene como objetivo principal resolver los problemas de la comunidad en el \u00e1rea de la atenci\u00f3n primaria. Para ello se ha planteado desaf\u00edos como mejorar la calidad de la atenci\u00f3n de sus pacientes inscritos en el sistema de salud y optimizar los recursos para que satisfacer las necesidades de sus usuarios. Sus pol\u00edticas y l\u00edneas de acci\u00f3n est\u00e1n determinadas por el Ministerio de Salud.<br>La unidad del servicio de salud, educaci\u00f3n y dem\u00e1s incorporadas a la gesti\u00f3n municipal tendr\u00e1 la funci\u00f3n de asesorar al Alcalde y al Concejo Municipal en la formulaci\u00f3n de las pol\u00edticas relativas a dichas \u00e1reas.<\/p>\n\n\n\n<figure class=\"wp-block-image size-full is-resized\"><img loading=\"lazy\" decoding=\"async\" width=\"758\" height=\"791\" src=\"https:\/\/web.molina.cl\/wp-content\/uploads\/2025\/08\/nicole-villalobos.jpg\" alt=\"\" class=\"wp-image-75262\" style=\"width:400px;height:auto\" srcset=\"https:\/\/web.molina.cl\/wp-content\/uploads\/2025\/08\/nicole-villalobos.jpg 758w, https:\/\/web.molina.cl\/wp-content\/uploads\/2025\/08\/nicole-villalobos-287x300.jpg 287w, https:\/\/web.molina.cl\/wp-content\/uploads\/2025\/08\/nicole-villalobos-402x420.jpg 402w, https:\/\/web.molina.cl\/wp-content\/uploads\/2025\/08\/nicole-villalobos-696x726.jpg 696w\" sizes=\"(max-width: 758px) 100vw, 758px\" \/><\/figure>\n\n\n\n<p><strong>Nicole Villalobos<\/strong><\/p>\n\n\n\n<p>(075) &nbsp;2 491677<br>(075) &nbsp;2 491647<\/p>\n\n\n\n<p>Correo: <a href=\"mailto:nvillalobos@apsmolina.cl\">nvillalobos@apsmolina.cl<\/a><\/p>\n","protected":false},"excerpt":{"rendered":"<p>La&nbsp;Direcci\u00f3n Comunal de Salud&nbsp;tiene como objetivo principal resolver los problemas de la comunidad en el \u00e1rea de la atenci\u00f3n primaria. Para ello se ha planteado desaf\u00edos como mejorar la calidad de la atenci\u00f3n de sus pacientes inscritos en el sistema de salud y optimizar los recursos para que satisfacer las necesidades de sus usuarios. Sus [&hellip;]<\/p>\n","protected":false},"author":1,"featured_media":0,"parent":220,"menu_order":0,"comment_status":"closed","ping_status":"closed","template":"","meta":{"footnotes":""},"_links":{"self":[{"href":"https:\/\/web.molina.cl\/index.php?rest_route=\/wp\/v2\/pages\/182"}],"collection":[{"href":"https:\/\/web.molina.cl\/index.php?rest_route=\/wp\/v2\/pages"}],"about":[{"href":"https:\/\/web.molina.cl\/index.php?rest_route=\/wp\/v2\/types\/page"}],"author":[{"embeddable":true,"href":"https:\/\/web.molina.cl\/index.php?rest_route=\/wp\/v2\/users\/1"}],"replies":[{"embeddable":true,"href":"https:\/\/web.molina.cl\/index.php?rest_route=%2Fwp%2Fv2%2Fcomments&post=182"}],"version-history":[{"count":6,"href":"https:\/\/web.molina.cl\/index.php?rest_route=\/wp\/v2\/pages\/182\/revisions"}],"predecessor-version":[{"id":75264,"href":"https:\/\/web.molina.cl\/index.php?rest_route=\/wp\/v2\/pages\/182\/revisions\/75264"}],"up":[{"embeddable":true,"href":"https:\/\/web.molina.cl\/index.php?rest_route=\/wp\/v2\/pages\/220"}],"wp:attachment":[{"href":"https:\/\/web.molina.cl\/index.php?rest_route=%2Fwp%2Fv2%2Fmedia&parent=182"}],"curies":[{"name":"wp","href":"https:\/\/api.w.org\/{rel}","templated":true}]}}