{"id":170,"date":"2015-03-30T13:11:22","date_gmt":"2015-03-30T13:11:22","guid":{"rendered":"http:\/\/localhost\/molina\/?page_id=170"},"modified":"2025-12-15T08:01:40","modified_gmt":"2025-12-15T12:01:40","slug":"administrador-municipal","status":"publish","type":"page","link":"https:\/\/web.molina.cl\/?page_id=170","title":{"rendered":"Administradora Municipal"},"content":{"rendered":"<p>La<strong> Administradora Municipal<\/strong> es la colaboradora directa del alcalde en las tareas de coordinaci\u00f3n y gesti\u00f3n permanente del municipio; la elaboraci\u00f3n y seguimiento del plan anual de acci\u00f3n municipal; y las atribuciones que se\u00f1ale el reglamento municipal y adem\u00e1s las que le delegue el alcalde, siempre que est\u00e9n vinculadas con la naturaleza de su cargo.<\/p>\n<p>\u00a0<img loading=\"lazy\" decoding=\"async\" class=\"alignnone size-medium wp-image-75909\" src=\"https:\/\/web.molina.cl\/wp-content\/uploads\/2025\/09\/Ana-Machuca-300x225.jpg\" alt=\"\" width=\"300\" height=\"225\" srcset=\"https:\/\/web.molina.cl\/wp-content\/uploads\/2025\/09\/Ana-Machuca-300x225.jpg 300w, https:\/\/web.molina.cl\/wp-content\/uploads\/2025\/09\/Ana-Machuca-1024x769.jpg 1024w, https:\/\/web.molina.cl\/wp-content\/uploads\/2025\/09\/Ana-Machuca-768x577.jpg 768w, https:\/\/web.molina.cl\/wp-content\/uploads\/2025\/09\/Ana-Machuca-1536x1153.jpg 1536w, https:\/\/web.molina.cl\/wp-content\/uploads\/2025\/09\/Ana-Machuca-2048x1538.jpg 2048w, https:\/\/web.molina.cl\/wp-content\/uploads\/2025\/09\/Ana-Machuca-559x420.jpg 559w, https:\/\/web.molina.cl\/wp-content\/uploads\/2025\/09\/Ana-Machuca-80x60.jpg 80w, https:\/\/web.molina.cl\/wp-content\/uploads\/2025\/09\/Ana-Machuca-696x523.jpg 696w, https:\/\/web.molina.cl\/wp-content\/uploads\/2025\/09\/Ana-Machuca-1068x802.jpg 1068w, https:\/\/web.molina.cl\/wp-content\/uploads\/2025\/09\/Ana-Machuca-1920x1441.jpg 1920w, https:\/\/web.molina.cl\/wp-content\/uploads\/2025\/09\/Ana-Machuca-265x198.jpg 265w\" sizes=\"(max-width: 300px) 100vw, 300px\" \/><\/p>\n<p><strong>Ana Elisa Machuca<\/strong><\/p>\n<p>Email: amachuca@molina.cl<\/p>\n\n\n<p><\/p>\n","protected":false},"excerpt":{"rendered":"<p>La Administradora Municipal es la colaboradora directa del alcalde en las tareas de coordinaci\u00f3n y gesti\u00f3n permanente del municipio; la elaboraci\u00f3n y seguimiento del plan anual de acci\u00f3n municipal; y las atribuciones que se\u00f1ale el reglamento municipal y adem\u00e1s las que le delegue el alcalde, siempre que est\u00e9n vinculadas con la naturaleza de su cargo. [&hellip;]<\/p>\n","protected":false},"author":1,"featured_media":0,"parent":220,"menu_order":0,"comment_status":"closed","ping_status":"closed","template":"","meta":{"footnotes":""},"_links":{"self":[{"href":"https:\/\/web.molina.cl\/index.php?rest_route=\/wp\/v2\/pages\/170"}],"collection":[{"href":"https:\/\/web.molina.cl\/index.php?rest_route=\/wp\/v2\/pages"}],"about":[{"href":"https:\/\/web.molina.cl\/index.php?rest_route=\/wp\/v2\/types\/page"}],"author":[{"embeddable":true,"href":"https:\/\/web.molina.cl\/index.php?rest_route=\/wp\/v2\/users\/1"}],"replies":[{"embeddable":true,"href":"https:\/\/web.molina.cl\/index.php?rest_route=%2Fwp%2Fv2%2Fcomments&post=170"}],"version-history":[{"count":9,"href":"https:\/\/web.molina.cl\/index.php?rest_route=\/wp\/v2\/pages\/170\/revisions"}],"predecessor-version":[{"id":77956,"href":"https:\/\/web.molina.cl\/index.php?rest_route=\/wp\/v2\/pages\/170\/revisions\/77956"}],"up":[{"embeddable":true,"href":"https:\/\/web.molina.cl\/index.php?rest_route=\/wp\/v2\/pages\/220"}],"wp:attachment":[{"href":"https:\/\/web.molina.cl\/index.php?rest_route=%2Fwp%2Fv2%2Fmedia&parent=170"}],"curies":[{"name":"wp","href":"https:\/\/api.w.org\/{rel}","templated":true}]}}