{"id":10801,"date":"2016-07-04T12:19:57","date_gmt":"2016-07-04T15:19:57","guid":{"rendered":"http:\/\/web.molina.cl\/?page_id=10801"},"modified":"2025-10-06T10:25:39","modified_gmt":"2025-10-06T14:25:39","slug":"departamento-de-aseo-y-ornato","status":"publish","type":"page","link":"https:\/\/web.molina.cl\/?page_id=10801","title":{"rendered":"Departamento de Aseo y Ornato"},"content":{"rendered":"<p><strong>OBJETIVO<\/strong><\/p>\n<p>Tiene como objetivo procurar el aseo de los espacios p\u00fablicos, la adecuada resoluci\u00f3n y\u00a0 disposici\u00f3n de las basuras y la contribuci\u00f3n al mejoramiento del medio ambiente de la comuna, debiendo ejercer las siguientes funciones espec\u00edficas:<\/p>\n<p><strong>FUNCIONES<\/strong><\/p>\n<ul>\n<li>A cargo del aseo de las v\u00edas p\u00fablicas, parques, plazas, jardines y en general de los bienes nacionales de uso p\u00fablico existentes en la comuna.<\/li>\n<li>El servicio de extracci\u00f3n y disposici\u00f3n final de la basura.<\/li>\n<li>La construcci\u00f3n, conservaci\u00f3n y administraci\u00f3n de las \u00e1reas verdes de la comuna.<\/li>\n<li>Realizar labores de inspecci\u00f3n en lo que dice relaci\u00f3n con los escombros en la v\u00eda p\u00fablica por ejecuci\u00f3n de obras.<\/li>\n<li>Estudiar, proponer proyectos de forestaci\u00f3n de \u00e1reas verdes de la comuna en conjunto con otras unidades municipales.<\/li>\n<li>Colaborar en la protecci\u00f3n y defensa de las \u00e1reas verdes p\u00fablicas y privadas de la comuna.<\/li>\n<\/ul>\n<p><strong>Jessica Guti\u00e9rrez<\/strong><\/p>\n<p>E-mail\u00a0\u00a0 : jgutierrez@molina.cl<\/p>\n<p>Horario de atenci\u00f3n: Lunes a viernes de 8:30 hrs. A 14:00 hrs.<\/p>\n","protected":false},"excerpt":{"rendered":"<p>OBJETIVO Tiene como objetivo procurar el aseo de los espacios p\u00fablicos, la adecuada resoluci\u00f3n y\u00a0 disposici\u00f3n de las basuras y la contribuci\u00f3n al mejoramiento del medio ambiente de la comuna, debiendo ejercer las siguientes funciones espec\u00edficas: FUNCIONES A cargo del aseo de las v\u00edas p\u00fablicas, parques, plazas, jardines y en general de los bienes nacionales [&hellip;]<\/p>\n","protected":false},"author":1,"featured_media":0,"parent":0,"menu_order":0,"comment_status":"open","ping_status":"open","template":"","meta":{"footnotes":""},"_links":{"self":[{"href":"https:\/\/web.molina.cl\/index.php?rest_route=\/wp\/v2\/pages\/10801"}],"collection":[{"href":"https:\/\/web.molina.cl\/index.php?rest_route=\/wp\/v2\/pages"}],"about":[{"href":"https:\/\/web.molina.cl\/index.php?rest_route=\/wp\/v2\/types\/page"}],"author":[{"embeddable":true,"href":"https:\/\/web.molina.cl\/index.php?rest_route=\/wp\/v2\/users\/1"}],"replies":[{"embeddable":true,"href":"https:\/\/web.molina.cl\/index.php?rest_route=%2Fwp%2Fv2%2Fcomments&post=10801"}],"version-history":[{"count":9,"href":"https:\/\/web.molina.cl\/index.php?rest_route=\/wp\/v2\/pages\/10801\/revisions"}],"predecessor-version":[{"id":76502,"href":"https:\/\/web.molina.cl\/index.php?rest_route=\/wp\/v2\/pages\/10801\/revisions\/76502"}],"wp:attachment":[{"href":"https:\/\/web.molina.cl\/index.php?rest_route=%2Fwp%2Fv2%2Fmedia&parent=10801"}],"curies":[{"name":"wp","href":"https:\/\/api.w.org\/{rel}","templated":true}]}}